{"id":10735,"date":"2020-04-08T13:52:16","date_gmt":"2020-04-08T11:52:16","guid":{"rendered":"https:\/\/samiedu.fi\/\/hae-opiskelemaan\/"},"modified":"2021-05-19T09:53:45","modified_gmt":"2021-05-19T07:53:45","slug":"tervetuloa-samieduun","status":"publish","type":"page","link":"https:\/\/samiedu.fi\/fi-s\/tervetuloa-samieduun\/","title":{"rendered":"Tervetuloa Samieduun!"},"content":{"rendered":"\n<h4 class=\"wp-block-heading\">Kuka voi hakea?<\/h4>\n\n<p>Kuka vaan, sin\u00e4kin. Opiskele uusi ammatti, jatkokouluttaudu omalla alallasi tai hanki uutta osaamista juuri sen verran kuin tilanne vaatii.<\/p>\n\n<h4 class=\"wp-block-heading\">Mit\u00e4 voin opiskella?<\/h4>\n\n<p>Tarjolla on yli <a href=\"https:\/\/samiedu.fi\/\/tutkinnot-ja-tutkinnon-osat\/\" target=\"_blank\" rel=\"noreferrer noopener\">40 tutkintoa<\/a>, siin\u00e4 on mist\u00e4 valita! Voit opiskella tutkinnon kokonaan tai yksitt\u00e4isi\u00e4 osia mist\u00e4 vaan tutkinnosta. Lis\u00e4ksi voit suorittaa <a href=\"https:\/\/samiedu.fi\/\/kortti-ja-lupakoulutus\/\" target=\"_blank\" rel=\"noreferrer noopener\">kortti- ja lupakoulutuksia<\/a>, esimerkiksi hygieniapassin, anniskelupassin tai tulity\u00f6kortin. Jos et viel\u00e4 tied\u00e4 mik\u00e4 sinua kiinnostaa, ota aikalis\u00e4 ja  opiskele <a href=\"https:\/\/samiedu.fi\/\/ammatilliseen-koulutukseen-valmentava-koulutus\/\" target=\"_blank\" rel=\"noreferrer noopener\">valmentavassa koulutuksessa<\/a>.<\/p>\n\n<ul class=\"wp-block-list\"><li><a href=\"https:\/\/samiedu.fi\/\/tutkinnot-ja-tutkinnon-osat\/perustutkinnot\/\" target=\"_blank\" rel=\"noreferrer noopener\">Perustutkinnot<\/a><\/li><li><a href=\"https:\/\/samiedu.fi\/\/tutkinnot-ja-tutkinnon-osat\/ammatti-ja-erikoisammattitutkinnot\/\" target=\"_blank\" rel=\"noreferrer noopener\">Ammatti- ja erikoisammattitutkinnot <\/a><\/li><li>Tutkinnon osia kaikista tutkinnoista<\/li><li><a href=\"https:\/\/samiedu.fi\/\/ammatilliseen-koulutukseen-valmentava-koulutus\/\">Valmentava koulutus, VALMA <\/a><\/li><li><a href=\"https:\/\/samiedu.fi\/\/kortti-ja-lupakoulutus\/\" target=\"_blank\" rel=\"noreferrer noopener\">Lupa- ja korttikoulutukset <\/a><\/li><\/ul>\n\n<p>Mik\u00e4li sinulla on jo alan ty\u00f6paikka tiedossa, voit opiskella avullamme <a href=\"https:\/\/samiedu.fi\/\/fi-s\/oppisopimus\/\" target=\"_blank\" rel=\"noreferrer noopener\">oppisopimuksella<\/a> mink\u00e4 tahansa 164 ammatillisesta tutkinnosta tai yksitt\u00e4isi\u00e4 osia niist\u00e4.<\/p>\n\n<h4 class=\"wp-block-heading\">Milloin voin hakea?<\/h4>\n\n<p>Ihan milloin vain ymp\u00e4ri vuoden! Haku opintoihin on k\u00e4ynniss\u00e4 koko ajan, ja opinnot voit aloittaa meill\u00e4 l\u00e4hes jokaiseen tutkintoon joka kuukausi (pois lukien hein\u00e4kuu) tai heti kun koulutusta on seuraavan kerran tarjolla.<\/p>\n\n<h4 class=\"wp-block-heading\">Miten haen?<\/h4>\n\n<p>Tutustu ensin koulutuksiimme <a href=\"https:\/\/samiedu.fi\/\/tutkinnot-ja-tutkinnon-osat\/\" target=\"_blank\" rel=\"noreferrer noopener\">t\u00e4st\u00e4<\/a>. Kun olet l\u00f6yt\u00e4nyt itsellesi sopivan koulutuksen, t\u00e4yt\u00e4 hakemus koulutuksen sivulla, niin kutsumme sinut haastatteluun.<\/p>\n\n<p>Kun haluat opiskella yksitt\u00e4isi\u00e4 tutkinnon osia jostain tutkinnosta, hae opiskelijaksi ko. tutkintoon ja ilmoita hakulomakkeen lis\u00e4tietoja-kohdassa, ett\u00e4 haet opiskelemaan vain tutkinnon osaa. <\/p>\n\n<hr class=\"wp-block-separator is-style-wide\"\/>\n\n<div class=\"wp-block-group\"><div class=\"wp-block-group__inner-container is-layout-flow wp-block-group-is-layout-flow\">\n<h4 class=\"wp-block-heading\">J\u00e4ik\u00f6 kysytt\u00e4v\u00e4\u00e4? Ota yhteytt\u00e4.<\/h4>\n\n\n\n<p>Opintotoimisto<br\/>puh. 015 550 6000<br\/>opintotoimisto@samiedu.fi<\/p>\n<\/div><\/div>\n","protected":false},"excerpt":{"rendered":"<p>Kuka voi hakea? Kuka vaan, sin\u00e4kin. Opiskele uusi ammatti, jatkokouluttaudu omalla alallasi tai hanki uutta osaamista juuri sen verran kuin tilanne vaatii. Mit\u00e4 voin opiskella? Tarjolla on yli 40 tutkintoa, siin\u00e4 on mist\u00e4 valita! Voit opiskella tutkinnon kokonaan tai yksitt\u00e4isi\u00e4 osia mist\u00e4 vaan tutkinnosta. Lis\u00e4ksi voit suorittaa kortti- ja lupakoulutuksia, esimerkiksi hygieniapassin, anniskelupassin tai tulity\u00f6kortin. [&hellip;]<\/p>\n","protected":false},"author":1,"featured_media":0,"parent":0,"menu_order":0,"comment_status":"closed","ping_status":"closed","template":"landing-page-template.php","meta":{"_acf_changed":false,"footnotes":""},"class_list":["post-10735","page","type-page","status-publish","hentry"],"acf":[],"yoast_head":"<!-- This site is optimized with the Yoast SEO plugin v27.3 - https:\/\/yoast.com\/product\/yoast-seo-wordpress\/ -->\n<title>Tervetuloa Samieduun! - Samiedu<\/title>\n<meta name=\"description\" content=\"Opiskele uusi ammatti, jatkokouluttaudu omalla alallasi tai hanki uutta osaamista juuri sen verran kuin tilanne vaatii.\" \/>\n<meta name=\"robots\" content=\"index, follow, max-snippet:-1, max-image-preview:large, max-video-preview:-1\" \/>\n<link rel=\"canonical\" href=\"https:\/\/samiedu.fi\/fi-s\/tervetuloa-samieduun\/\" \/>\n<meta property=\"og:locale\" content=\"fi_FI\" \/>\n<meta property=\"og:type\" content=\"article\" \/>\n<meta property=\"og:title\" content=\"Tervetuloa Samieduun! - Samiedu\" \/>\n<meta property=\"og:description\" content=\"Opiskele uusi ammatti, jatkokouluttaudu omalla alallasi tai hanki uutta osaamista juuri sen verran kuin tilanne vaatii.\" \/>\n<meta property=\"og:url\" content=\"https:\/\/samiedu.fi\/fi-s\/tervetuloa-samieduun\/\" \/>\n<meta property=\"og:site_name\" content=\"Samiedu\" \/>\n<meta property=\"article:publisher\" content=\"https:\/\/www.facebook.com\/samiedu\" \/>\n<meta property=\"article:modified_time\" content=\"2021-05-19T07:53:45+00:00\" \/>\n<meta name=\"twitter:card\" content=\"summary_large_image\" \/>\n<meta name=\"twitter:label1\" content=\"Est. reading time\" \/>\n\t<meta name=\"twitter:data1\" content=\"1 minute\" \/>\n<script type=\"application\/ld+json\" class=\"yoast-schema-graph\">{\"@context\":\"https:\\\/\\\/schema.org\",\"@graph\":[{\"@type\":\"WebPage\",\"@id\":\"https:\\\/\\\/samiedu.fi\\\/fi-s\\\/tervetuloa-samieduun\\\/\",\"url\":\"https:\\\/\\\/samiedu.fi\\\/fi-s\\\/tervetuloa-samieduun\\\/\",\"name\":\"Tervetuloa Samieduun! - Samiedu\",\"isPartOf\":{\"@id\":\"https:\\\/\\\/samiedu.fi\\\/fi-s\\\/#website\"},\"datePublished\":\"2020-04-08T11:52:16+00:00\",\"dateModified\":\"2021-05-19T07:53:45+00:00\",\"description\":\"Opiskele uusi ammatti, jatkokouluttaudu omalla alallasi tai hanki uutta osaamista juuri sen verran kuin tilanne vaatii.\",\"breadcrumb\":{\"@id\":\"https:\\\/\\\/samiedu.fi\\\/fi-s\\\/tervetuloa-samieduun\\\/#breadcrumb\"},\"inLanguage\":\"fi-selko\",\"potentialAction\":[{\"@type\":\"ReadAction\",\"target\":[\"https:\\\/\\\/samiedu.fi\\\/fi-s\\\/tervetuloa-samieduun\\\/\"]}]},{\"@type\":\"BreadcrumbList\",\"@id\":\"https:\\\/\\\/samiedu.fi\\\/fi-s\\\/tervetuloa-samieduun\\\/#breadcrumb\",\"itemListElement\":[{\"@type\":\"ListItem\",\"position\":1,\"name\":\"Etusivu\",\"item\":\"https:\\\/\\\/samiedu.fi\\\/fi-s\\\/\"},{\"@type\":\"ListItem\",\"position\":2,\"name\":\"Tervetuloa Samieduun!\"}]},{\"@type\":\"WebSite\",\"@id\":\"https:\\\/\\\/samiedu.fi\\\/fi-s\\\/#website\",\"url\":\"https:\\\/\\\/samiedu.fi\\\/fi-s\\\/\",\"name\":\"Samiedu\",\"description\":\"Ammattiopisto Samiedu\",\"publisher\":{\"@id\":\"https:\\\/\\\/samiedu.fi\\\/fi-s\\\/#organization\"},\"potentialAction\":[{\"@type\":\"SearchAction\",\"target\":{\"@type\":\"EntryPoint\",\"urlTemplate\":\"https:\\\/\\\/samiedu.fi\\\/fi-s\\\/?s={search_term_string}\"},\"query-input\":{\"@type\":\"PropertyValueSpecification\",\"valueRequired\":true,\"valueName\":\"search_term_string\"}}],\"inLanguage\":\"fi-selko\"},{\"@type\":\"Organization\",\"@id\":\"https:\\\/\\\/samiedu.fi\\\/fi-s\\\/#organization\",\"name\":\"Ammattiopisto Samiedu\",\"url\":\"https:\\\/\\\/samiedu.fi\\\/fi-s\\\/\",\"logo\":{\"@type\":\"ImageObject\",\"inLanguage\":\"fi-selko\",\"@id\":\"https:\\\/\\\/samiedu.fi\\\/fi-s\\\/#\\\/schema\\\/logo\\\/image\\\/\",\"url\":\"\",\"contentUrl\":\"\",\"caption\":\"Ammattiopisto Samiedu\"},\"image\":{\"@id\":\"https:\\\/\\\/samiedu.fi\\\/fi-s\\\/#\\\/schema\\\/logo\\\/image\\\/\"},\"sameAs\":[\"https:\\\/\\\/www.facebook.com\\\/samiedu\"]}]}<\/script>\n<!-- \/ Yoast SEO plugin. -->","yoast_head_json":{"title":"Tervetuloa Samieduun! - Samiedu","description":"Opiskele uusi ammatti, jatkokouluttaudu omalla alallasi tai hanki uutta osaamista juuri sen verran kuin tilanne vaatii.","robots":{"index":"index","follow":"follow","max-snippet":"max-snippet:-1","max-image-preview":"max-image-preview:large","max-video-preview":"max-video-preview:-1"},"canonical":"https:\/\/samiedu.fi\/fi-s\/tervetuloa-samieduun\/","og_locale":"fi_FI","og_type":"article","og_title":"Tervetuloa Samieduun! - Samiedu","og_description":"Opiskele uusi ammatti, jatkokouluttaudu omalla alallasi tai hanki uutta osaamista juuri sen verran kuin tilanne vaatii.","og_url":"https:\/\/samiedu.fi\/fi-s\/tervetuloa-samieduun\/","og_site_name":"Samiedu","article_publisher":"https:\/\/www.facebook.com\/samiedu","article_modified_time":"2021-05-19T07:53:45+00:00","twitter_card":"summary_large_image","twitter_misc":{"Est. reading time":"1 minute"},"schema":{"@context":"https:\/\/schema.org","@graph":[{"@type":"WebPage","@id":"https:\/\/samiedu.fi\/fi-s\/tervetuloa-samieduun\/","url":"https:\/\/samiedu.fi\/fi-s\/tervetuloa-samieduun\/","name":"Tervetuloa Samieduun! - Samiedu","isPartOf":{"@id":"https:\/\/samiedu.fi\/fi-s\/#website"},"datePublished":"2020-04-08T11:52:16+00:00","dateModified":"2021-05-19T07:53:45+00:00","description":"Opiskele uusi ammatti, jatkokouluttaudu omalla alallasi tai hanki uutta osaamista juuri sen verran kuin tilanne vaatii.","breadcrumb":{"@id":"https:\/\/samiedu.fi\/fi-s\/tervetuloa-samieduun\/#breadcrumb"},"inLanguage":"fi-selko","potentialAction":[{"@type":"ReadAction","target":["https:\/\/samiedu.fi\/fi-s\/tervetuloa-samieduun\/"]}]},{"@type":"BreadcrumbList","@id":"https:\/\/samiedu.fi\/fi-s\/tervetuloa-samieduun\/#breadcrumb","itemListElement":[{"@type":"ListItem","position":1,"name":"Etusivu","item":"https:\/\/samiedu.fi\/fi-s\/"},{"@type":"ListItem","position":2,"name":"Tervetuloa Samieduun!"}]},{"@type":"WebSite","@id":"https:\/\/samiedu.fi\/fi-s\/#website","url":"https:\/\/samiedu.fi\/fi-s\/","name":"Samiedu","description":"Ammattiopisto Samiedu","publisher":{"@id":"https:\/\/samiedu.fi\/fi-s\/#organization"},"potentialAction":[{"@type":"SearchAction","target":{"@type":"EntryPoint","urlTemplate":"https:\/\/samiedu.fi\/fi-s\/?s={search_term_string}"},"query-input":{"@type":"PropertyValueSpecification","valueRequired":true,"valueName":"search_term_string"}}],"inLanguage":"fi-selko"},{"@type":"Organization","@id":"https:\/\/samiedu.fi\/fi-s\/#organization","name":"Ammattiopisto Samiedu","url":"https:\/\/samiedu.fi\/fi-s\/","logo":{"@type":"ImageObject","inLanguage":"fi-selko","@id":"https:\/\/samiedu.fi\/fi-s\/#\/schema\/logo\/image\/","url":"","contentUrl":"","caption":"Ammattiopisto Samiedu"},"image":{"@id":"https:\/\/samiedu.fi\/fi-s\/#\/schema\/logo\/image\/"},"sameAs":["https:\/\/www.facebook.com\/samiedu"]}]}},"_links":{"self":[{"href":"https:\/\/samiedu.fi\/fi-s\/wp-json\/wp\/v2\/pages\/10735","targetHints":{"allow":["GET"]}}],"collection":[{"href":"https:\/\/samiedu.fi\/fi-s\/wp-json\/wp\/v2\/pages"}],"about":[{"href":"https:\/\/samiedu.fi\/fi-s\/wp-json\/wp\/v2\/types\/page"}],"author":[{"embeddable":true,"href":"https:\/\/samiedu.fi\/fi-s\/wp-json\/wp\/v2\/users\/1"}],"replies":[{"embeddable":true,"href":"https:\/\/samiedu.fi\/fi-s\/wp-json\/wp\/v2\/comments?post=10735"}],"version-history":[{"count":2,"href":"https:\/\/samiedu.fi\/fi-s\/wp-json\/wp\/v2\/pages\/10735\/revisions"}],"predecessor-version":[{"id":10737,"href":"https:\/\/samiedu.fi\/fi-s\/wp-json\/wp\/v2\/pages\/10735\/revisions\/10737"}],"wp:attachment":[{"href":"https:\/\/samiedu.fi\/fi-s\/wp-json\/wp\/v2\/media?parent=10735"}],"curies":[{"name":"wp","href":"https:\/\/api.w.org\/{rel}","templated":true}]}}