{"id":10973,"date":"2021-05-21T13:15:53","date_gmt":"2021-05-21T11:15:53","guid":{"rendered":"https:\/\/samiedu.fi\/\/?page_id=10973"},"modified":"2025-05-27T12:14:44","modified_gmt":"2025-05-27T10:14:44","slug":"tervetuloa-samieduun-2","status":"publish","type":"page","link":"https:\/\/samiedu.fi\/fi-s\/","title":{"rendered":"Tervetuloa Samieduun"},"content":{"rendered":"\n<h2 class=\"wp-block-heading\">Jatkuvassa haussa voit hakea opiskelemaan milloin vain<\/h2>\n\n\n\n<h3 class=\"wp-block-heading\">Kuka voi hakea?<\/h3>\n\n\n\n<p>Kaikki voivat hakea opiskelemaan.<br>Opiskele uusi ammatti tai<br>opi lis\u00e4\u00e4 omalta alaltasi.<\/p>\n\n\n\n<h3 class=\"wp-block-heading\">Mit\u00e4 voin opiskella?<\/h3>\n\n\n\n<p>Valittavana on kymmeni\u00e4 tutkintoja.<br>Voit opiskella koko tutkinnon tai yksitt\u00e4isi\u00e4 osia.<br>Jos tarvitset ty\u00f6t\u00e4si varten esimerkiksi<br>hygieniapassin, anniskelupassin tai tulity\u00f6kortin,<br>voit suorittaa sen Samiedussa.<br>TUVA-koulutus sopii sinulle,<br>jos et viel\u00e4 tied\u00e4, mit\u00e4 haluat opiskella.<\/p>\n\n\n\n<ul class=\"wp-block-list\">\n<li>Perustutkinnot<\/li>\n\n\n\n<li>Ammatti- ja erikoisammattitutkinnot<\/li>\n\n\n\n<li>Tutkinnon osia kaikista tutkinnoista<\/li>\n\n\n\n<li>TUVA-koulutus, ammatilliseen koulutukseen valmentava koulutus<\/li>\n\n\n\n<li>Lupa- ja korttikoulutukset<\/li>\n<\/ul>\n\n\n\n<p>Oppisopimuskoulutuksessa opit<br>oikealla ty\u00f6paikalla.<br>Jos sinulla on jo ty\u00f6paikka, kerro siit\u00e4 meille.<\/p>\n\n\n\n<h3 class=\"wp-block-heading\">Milloin voin hakea?<\/h3>\n\n\n\n<p>Hakea voit milloin vain!<br>Kun sinut on hyv\u00e4ksytty,<br>sinulle kerrotaan, milloin aloitat.<\/p>\n\n\n\n<h3 class=\"wp-block-heading\">Miten haen?<\/h3>\n\n\n\n<p>Etsi ensin itsellesi sopiva koulutus.<br>T\u00e4yt\u00e4 sitten hakemus koulutuksen internet-sivulla.<br>Sitten saat kutsun haastatteluun.<\/p>\n\n\n\n<p>Jos haluat opiskella vain osan tutkinnosta,<br>t\u00e4yt\u00e4 hakemus ja kirjoita lis\u00e4tietoihin,<br>ett\u00e4 haluat opiskella vain osan tutkinnosta.<\/p>\n\n\n\n<h3 class=\"wp-block-heading\">J\u00e4ik\u00f6 kysytt\u00e4v\u00e4\u00e4? Ota yhteytt\u00e4.&nbsp;&nbsp;&nbsp;&nbsp;&nbsp;&nbsp;&nbsp;&nbsp;&nbsp;&nbsp;&nbsp;&nbsp;&nbsp;&nbsp;&nbsp;&nbsp;&nbsp;&nbsp;&nbsp;&nbsp;&nbsp;&nbsp;&nbsp;<\/h3>\n\n\n\n<p>Opintotoimisto<br>puh. 015 550 6000<br>opintotoimisto@samiedu.fi<\/p>\n\n\n\n<div class=\"wp-block-group\"><div class=\"wp-block-group__inner-container is-layout-flow wp-block-group-is-layout-flow\"><\/div><\/div>\n","protected":false},"excerpt":{"rendered":"<p>Jatkuvassa haussa voit hakea opiskelemaan milloin vain Kuka voi hakea? Kaikki voivat hakea opiskelemaan.Opiskele uusi ammatti taiopi lis\u00e4\u00e4 omalta alaltasi. Mit\u00e4 voin opiskella? Valittavana on kymmeni\u00e4 tutkintoja.Voit opiskella koko tutkinnon tai yksitt\u00e4isi\u00e4 osia.Jos tarvitset ty\u00f6t\u00e4si varten esimerkiksihygieniapassin, anniskelupassin tai tulity\u00f6kortin,voit suorittaa sen Samiedussa.TUVA-koulutus sopii sinulle,jos et viel\u00e4 tied\u00e4, mit\u00e4 haluat opiskella. Oppisopimuskoulutuksessa opitoikealla ty\u00f6paikalla.Jos sinulla [&hellip;]<\/p>\n","protected":false},"author":1,"featured_media":0,"parent":0,"menu_order":0,"comment_status":"closed","ping_status":"closed","template":"frontpage-template.php","meta":{"_acf_changed":false,"footnotes":""},"class_list":["post-10973","page","type-page","status-publish","hentry"],"acf":[],"yoast_head":"<!-- This site is optimized with the Yoast SEO plugin v27.3 - https:\/\/yoast.com\/product\/yoast-seo-wordpress\/ -->\n<title>Tervetuloa Samieduun - Samiedu<\/title>\n<meta name=\"robots\" content=\"index, follow, max-snippet:-1, max-image-preview:large, max-video-preview:-1\" \/>\n<link rel=\"canonical\" href=\"https:\/\/samiedu.fi\/fi-s\/\" \/>\n<meta property=\"og:locale\" content=\"fi_FI\" \/>\n<meta property=\"og:type\" content=\"article\" \/>\n<meta property=\"og:title\" content=\"Tervetuloa Samieduun - Samiedu\" \/>\n<meta property=\"og:description\" content=\"Jatkuvassa haussa voit hakea opiskelemaan milloin vain Kuka voi hakea? Kaikki voivat hakea opiskelemaan.Opiskele uusi ammatti taiopi lis\u00e4\u00e4 omalta alaltasi. Mit\u00e4 voin opiskella? Valittavana on kymmeni\u00e4 tutkintoja.Voit opiskella koko tutkinnon tai yksitt\u00e4isi\u00e4 osia.Jos tarvitset ty\u00f6t\u00e4si varten esimerkiksihygieniapassin, anniskelupassin tai tulity\u00f6kortin,voit suorittaa sen Samiedussa.TUVA-koulutus sopii sinulle,jos et viel\u00e4 tied\u00e4, mit\u00e4 haluat opiskella. Oppisopimuskoulutuksessa opitoikealla ty\u00f6paikalla.Jos sinulla [&hellip;]\" \/>\n<meta property=\"og:url\" content=\"https:\/\/samiedu.fi\/fi-s\/\" \/>\n<meta property=\"og:site_name\" content=\"Samiedu\" \/>\n<meta property=\"article:publisher\" content=\"https:\/\/www.facebook.com\/samiedu\" \/>\n<meta property=\"article:modified_time\" content=\"2025-05-27T10:14:44+00:00\" \/>\n<meta name=\"twitter:card\" content=\"summary_large_image\" \/>\n<meta name=\"twitter:label1\" content=\"Est. reading time\" \/>\n\t<meta name=\"twitter:data1\" content=\"1 minute\" \/>\n<script type=\"application\/ld+json\" class=\"yoast-schema-graph\">{\"@context\":\"https:\\\/\\\/schema.org\",\"@graph\":[{\"@type\":\"WebPage\",\"@id\":\"https:\\\/\\\/samiedu.fi\\\/fi-s\\\/\",\"url\":\"https:\\\/\\\/samiedu.fi\\\/fi-s\\\/\",\"name\":\"Tervetuloa Samieduun - Samiedu\",\"isPartOf\":{\"@id\":\"https:\\\/\\\/samiedu.fi\\\/fi-s\\\/#website\"},\"datePublished\":\"2021-05-21T11:15:53+00:00\",\"dateModified\":\"2025-05-27T10:14:44+00:00\",\"breadcrumb\":{\"@id\":\"https:\\\/\\\/samiedu.fi\\\/fi-s\\\/#breadcrumb\"},\"inLanguage\":\"fi-selko\",\"potentialAction\":[{\"@type\":\"ReadAction\",\"target\":[\"https:\\\/\\\/samiedu.fi\\\/fi-s\\\/\"]}]},{\"@type\":\"BreadcrumbList\",\"@id\":\"https:\\\/\\\/samiedu.fi\\\/fi-s\\\/#breadcrumb\",\"itemListElement\":[{\"@type\":\"ListItem\",\"position\":1,\"name\":\"Etusivu\",\"item\":\"https:\\\/\\\/samiedu.fi\\\/fi-s\\\/\"},{\"@type\":\"ListItem\",\"position\":2,\"name\":\"Tervetuloa Samieduun\"}]},{\"@type\":\"WebSite\",\"@id\":\"https:\\\/\\\/samiedu.fi\\\/fi-s\\\/#website\",\"url\":\"https:\\\/\\\/samiedu.fi\\\/fi-s\\\/\",\"name\":\"Samiedu\",\"description\":\"Ammattiopisto Samiedu\",\"publisher\":{\"@id\":\"https:\\\/\\\/samiedu.fi\\\/fi-s\\\/#organization\"},\"potentialAction\":[{\"@type\":\"SearchAction\",\"target\":{\"@type\":\"EntryPoint\",\"urlTemplate\":\"https:\\\/\\\/samiedu.fi\\\/fi-s\\\/?s={search_term_string}\"},\"query-input\":{\"@type\":\"PropertyValueSpecification\",\"valueRequired\":true,\"valueName\":\"search_term_string\"}}],\"inLanguage\":\"fi-selko\"},{\"@type\":\"Organization\",\"@id\":\"https:\\\/\\\/samiedu.fi\\\/fi-s\\\/#organization\",\"name\":\"Ammattiopisto Samiedu\",\"url\":\"https:\\\/\\\/samiedu.fi\\\/fi-s\\\/\",\"logo\":{\"@type\":\"ImageObject\",\"inLanguage\":\"fi-selko\",\"@id\":\"https:\\\/\\\/samiedu.fi\\\/fi-s\\\/#\\\/schema\\\/logo\\\/image\\\/\",\"url\":\"\",\"contentUrl\":\"\",\"caption\":\"Ammattiopisto Samiedu\"},\"image\":{\"@id\":\"https:\\\/\\\/samiedu.fi\\\/fi-s\\\/#\\\/schema\\\/logo\\\/image\\\/\"},\"sameAs\":[\"https:\\\/\\\/www.facebook.com\\\/samiedu\"]}]}<\/script>\n<!-- \/ Yoast SEO plugin. -->","yoast_head_json":{"title":"Tervetuloa Samieduun - Samiedu","robots":{"index":"index","follow":"follow","max-snippet":"max-snippet:-1","max-image-preview":"max-image-preview:large","max-video-preview":"max-video-preview:-1"},"canonical":"https:\/\/samiedu.fi\/fi-s\/","og_locale":"fi_FI","og_type":"article","og_title":"Tervetuloa Samieduun - Samiedu","og_description":"Jatkuvassa haussa voit hakea opiskelemaan milloin vain Kuka voi hakea? Kaikki voivat hakea opiskelemaan.Opiskele uusi ammatti taiopi lis\u00e4\u00e4 omalta alaltasi. Mit\u00e4 voin opiskella? Valittavana on kymmeni\u00e4 tutkintoja.Voit opiskella koko tutkinnon tai yksitt\u00e4isi\u00e4 osia.Jos tarvitset ty\u00f6t\u00e4si varten esimerkiksihygieniapassin, anniskelupassin tai tulity\u00f6kortin,voit suorittaa sen Samiedussa.TUVA-koulutus sopii sinulle,jos et viel\u00e4 tied\u00e4, mit\u00e4 haluat opiskella. Oppisopimuskoulutuksessa opitoikealla ty\u00f6paikalla.Jos sinulla [&hellip;]","og_url":"https:\/\/samiedu.fi\/fi-s\/","og_site_name":"Samiedu","article_publisher":"https:\/\/www.facebook.com\/samiedu","article_modified_time":"2025-05-27T10:14:44+00:00","twitter_card":"summary_large_image","twitter_misc":{"Est. reading time":"1 minute"},"schema":{"@context":"https:\/\/schema.org","@graph":[{"@type":"WebPage","@id":"https:\/\/samiedu.fi\/fi-s\/","url":"https:\/\/samiedu.fi\/fi-s\/","name":"Tervetuloa Samieduun - Samiedu","isPartOf":{"@id":"https:\/\/samiedu.fi\/fi-s\/#website"},"datePublished":"2021-05-21T11:15:53+00:00","dateModified":"2025-05-27T10:14:44+00:00","breadcrumb":{"@id":"https:\/\/samiedu.fi\/fi-s\/#breadcrumb"},"inLanguage":"fi-selko","potentialAction":[{"@type":"ReadAction","target":["https:\/\/samiedu.fi\/fi-s\/"]}]},{"@type":"BreadcrumbList","@id":"https:\/\/samiedu.fi\/fi-s\/#breadcrumb","itemListElement":[{"@type":"ListItem","position":1,"name":"Etusivu","item":"https:\/\/samiedu.fi\/fi-s\/"},{"@type":"ListItem","position":2,"name":"Tervetuloa Samieduun"}]},{"@type":"WebSite","@id":"https:\/\/samiedu.fi\/fi-s\/#website","url":"https:\/\/samiedu.fi\/fi-s\/","name":"Samiedu","description":"Ammattiopisto Samiedu","publisher":{"@id":"https:\/\/samiedu.fi\/fi-s\/#organization"},"potentialAction":[{"@type":"SearchAction","target":{"@type":"EntryPoint","urlTemplate":"https:\/\/samiedu.fi\/fi-s\/?s={search_term_string}"},"query-input":{"@type":"PropertyValueSpecification","valueRequired":true,"valueName":"search_term_string"}}],"inLanguage":"fi-selko"},{"@type":"Organization","@id":"https:\/\/samiedu.fi\/fi-s\/#organization","name":"Ammattiopisto Samiedu","url":"https:\/\/samiedu.fi\/fi-s\/","logo":{"@type":"ImageObject","inLanguage":"fi-selko","@id":"https:\/\/samiedu.fi\/fi-s\/#\/schema\/logo\/image\/","url":"","contentUrl":"","caption":"Ammattiopisto Samiedu"},"image":{"@id":"https:\/\/samiedu.fi\/fi-s\/#\/schema\/logo\/image\/"},"sameAs":["https:\/\/www.facebook.com\/samiedu"]}]}},"_links":{"self":[{"href":"https:\/\/samiedu.fi\/fi-s\/wp-json\/wp\/v2\/pages\/10973","targetHints":{"allow":["GET"]}}],"collection":[{"href":"https:\/\/samiedu.fi\/fi-s\/wp-json\/wp\/v2\/pages"}],"about":[{"href":"https:\/\/samiedu.fi\/fi-s\/wp-json\/wp\/v2\/types\/page"}],"author":[{"embeddable":true,"href":"https:\/\/samiedu.fi\/fi-s\/wp-json\/wp\/v2\/users\/1"}],"replies":[{"embeddable":true,"href":"https:\/\/samiedu.fi\/fi-s\/wp-json\/wp\/v2\/comments?post=10973"}],"version-history":[{"count":16,"href":"https:\/\/samiedu.fi\/fi-s\/wp-json\/wp\/v2\/pages\/10973\/revisions"}],"predecessor-version":[{"id":43565,"href":"https:\/\/samiedu.fi\/fi-s\/wp-json\/wp\/v2\/pages\/10973\/revisions\/43565"}],"wp:attachment":[{"href":"https:\/\/samiedu.fi\/fi-s\/wp-json\/wp\/v2\/media?parent=10973"}],"curies":[{"name":"wp","href":"https:\/\/api.w.org\/{rel}","templated":true}]}}