{"id":11734,"date":"2021-06-14T12:56:04","date_gmt":"2021-06-14T10:56:04","guid":{"rendered":"https:\/\/samiedu.fi\/\/?page_id=11734"},"modified":"2025-05-27T12:13:58","modified_gmt":"2025-05-27T10:13:58","slug":"koulutustarjonta","status":"publish","type":"page","link":"https:\/\/samiedu.fi\/fi-s\/koulutustarjonta\/","title":{"rendered":"Koulutustarjonta"},"content":{"rendered":"\n<h1 class=\"wp-block-heading\">Koulutustarjonta<\/h1>\n\n\n\n<h3 class=\"wp-block-heading\">Perustutkinnot ja ammatti- ja erikoisammattitutkinnot<\/h3>\n\n\n\n<p>Ammatillinen tutkinto voi olla ammatillinen perustutkinto,<br>ammattitutkinto tai erikoisammattitutkinto.<br>Tutkinnot koostuvat osista.<br>Voit suorittaa koko tutkinnon tai osia siit\u00e4.<br>Tutkinnon koko mitataan osaamispisteill\u00e4.<br>Osaamispiste lyhennet\u00e4\u00e4n osp.<\/p>\n\n\n\n<p>Opiskelet koulussa, internetiss\u00e4, ty\u00f6paikalla ja kotona.<\/p>\n\n\n\n<p>Ammatillinen perustutkinto on 180 osp.<br>T\u00e4h\u00e4n haet peruskoulun j\u00e4lkeen. &nbsp;<br>Ammatillisessa perustutkinnossa opit alasi perusteht\u00e4v\u00e4t<br>pakollisissa osissa.<br>Valinnaiset osat valitset itse sen mukaan,<br>mik\u00e4 sinua kiinnostaa.<\/p>\n\n\n\n<p>Suurin osa tutkinnosta on ammatillisia opintoja.<br>Lis\u00e4ksi opiskelet yhteisi\u00e4 opintoja,<br>eli vieraita kieli\u00e4, matematiikkaa ja yritt\u00e4jyytt\u00e4.<\/p>\n\n\n\n<p>Ammattitutkinto on 120 tai 150 osp.<br>Ammattitutkintoa opiskelevat he, joilla on jo osaamista alalta.<br>Ammattitutkinto on jatko perustutkinnolle.<\/p>\n\n\n\n<p>Erikoisammattitutkinto on 160 tai 180 osp.<br>Sit\u00e4 opiskelevat he, joilla on jo kyseisen alan<br>koulutus ja paljon ty\u00f6kokemusta.<\/p>\n\n\n\n<p>Ammattitutkinto ja erikoisammattitutkinto<br>sis\u00e4lt\u00e4v\u00e4t vain ammatillisia opintoja.<br>Niihin ei kuulu yhteisi\u00e4 opintoja.<\/p>\n\n\n\n<p>Samiedussa voit opiskella seuraavia tutkintoja.<br>Listassa on ensin tutkinnon nimi ja sitten ammatti,<br>jossa tutkinnon suorittanut voi toimia.<br>Esimerkiksi hius- ja kauneudenhoitoalan perustutkinnon<br>opiskeltuasi voit toimia parturina.<\/p>\n\n\n\n<h4 class=\"wp-block-heading\">Perustutkinnot<\/h4>\n\n\n\n<ul class=\"wp-block-list\">\n<li>Ajoneuvoalan perustutkinto, automekaanikko<\/li>\n\n\n\n<li>Elintarvikealan perustutkinto, leipuri-kondiittori<\/li>\n\n\n\n<li>Hius- ja kauneudenhoitoalan perustutkinto, kampaaja-parturi, kosmetologi<\/li>\n\n\n\n<li>Kone- ja tuotantotekniikan perustutkinto, koneistaja, levysepp\u00e4hitsaaja<\/li>\n\n\n\n<li>Liiketoiminnan perustutkinto, merkonomi<\/li>\n\n\n\n<li>Logistiikan perustutkinto, kuorma-autonkuljettaja,<\/li>\n\n\n\n<li>Matkailualan perustutkinto, matkailun asiakaspalvelija<\/li>\n\n\n\n<li>Media-alan ja kuvallisen ilmaisun perustutkinto, mediapalvelujen toteuttaja<\/li>\n\n\n\n<li>Puhtaus- ja kiinteist\u00f6palvelualan perustutkinto, kiinteist\u00f6nhoitaja<\/li>\n\n\n\n<li>Puhtaus- ja kiinteist\u00f6palvelualan perustutkinto, toimitilahuoltaja<\/li>\n\n\n\n<li>Rakennusalan perustutkinto, talonrakentaja<\/li>\n\n\n\n<li>Ravintola- ja cateringalan perustutkinto, kokki, tarjoilija<\/li>\n\n\n\n<li>Sosiaali- ja terveysalan perustutkinto, l\u00e4hihoitaja<\/li>\n\n\n\n<li>S\u00e4hk\u00f6- ja automaatioalan perustutkinto, s\u00e4hk\u00f6asentaja, automaatioasentaja<\/li>\n\n\n\n<li>Tieto- ja viestint\u00e4tekniikan perustutkinto, IT-tukihenkil\u00f6, ohjelmistokehitt\u00e4j\u00e4<\/li>\n\n\n\n<li>Taideteollisuusalan perustutkinto, artesaani teatteritekniikka<\/li>\n\n\n\n<li>Talotekniikan perustutkinto, putkiasentaja<\/li>\n<\/ul>\n\n\n\n<p><strong>Ammattitutkinnot<\/strong><\/p>\n\n\n\n<ul class=\"wp-block-list\">\n<li>Ajoneuvoalan ammattitutkinto<\/li>\n\n\n\n<li>Hieronnan ammattitutkinto<\/li>\n\n\n\n<li>Is\u00e4nn\u00f6innin ammattitutkinto<\/li>\n\n\n\n<li>L\u00e4hiesihenkil\u00f6ty\u00f6n ammattitutkinto<\/li>\n\n\n\n<li>Mets\u00e4alan ammattitutkinto, mets\u00e4talousyritt\u00e4j\u00e4<\/li>\n\n\n\n<li>Yritt\u00e4j\u00e4n ammattitutkinto<\/li>\n<\/ul>\n\n\n\n<p><strong>Erikoisammattitutkinnot<\/strong><\/p>\n\n\n\n<ul class=\"wp-block-list\">\n<li>Hieronnan erikoisammattitutkinto<\/li>\n\n\n\n<li>Johtamisen ja yritysjohtamisen erikoisammattitutkinto<\/li>\n\n\n\n<li>Vanhusty\u00f6n erikoisammattitutkinto<\/li>\n<\/ul>\n\n\n\n<p>Koulutuksiin voi hakea <a href=\"https:\/\/samiedu.fi\/\/tutkinnot-ja-tutkinnon-osat\/\">t\u00e4\u00e4ll\u00e4<\/a>.<br>Tutkintojen sis\u00e4lt\u00f6ihin ja tavoitteisiin voit perehty\u00e4 tarkemmin&nbsp;<a href=\"https:\/\/eperusteet.opintopolku.fi\/#\/fi\/selaus\/kooste\/ammatillinenkoulutus?hakutyyppi=perusteet\">ePerusteet-palvelussa<\/a><\/p>\n\n\n\n<hr class=\"wp-block-separator has-css-opacity is-style-wide\"\/>\n\n\n\n<h3 class=\"wp-block-heading\">Opintovalmiuksia tukevat opinnot<\/h3>\n\n\n\n<p>Meill\u00e4 voit my\u00f6s suorittaa opintoja,<br>jotka auttavat sinua opiskelemaan.<br>N\u00e4it\u00e4 kutsutaan OPVA-opinnoiksi.<\/p>\n\n\n\n<p>OPVA-opintojen aiheita ovat:<\/p>\n\n\n\n<ul class=\"wp-block-list\">\n<li>ty\u00f6el\u00e4m\u00e4ss\u00e4 toimiminen<\/li>\n\n\n\n<li>matematiikka ja tietokoneen k\u00e4ytt\u00f6<\/li>\n\n\n\n<li>suomen kieli<\/li>\n\n\n\n<li>englannin kieli<\/li>\n<\/ul>\n\n\n\n<p>N\u00e4ist\u00e4 opinnoista valitset sinulle t\u00e4rkeimm\u00e4t.<\/p>\n\n\n\n<hr class=\"wp-block-separator has-css-opacity is-style-wide\"\/>\n\n\n\n<h3 class=\"wp-block-heading\">Tuva-koulutus, ammatilliseen koulutukseen valmentava koulutus<\/h3>\n\n\n\n<p>Saat vuoden aikaa mietti\u00e4, mille alalle haluat.<br>Koulutuksen k\u00e4yty\u00e4si olet valmis opiskelemaan itsellesi ammatin.<\/p>\n\n\n\n<p><strong>TUVA-koulutus sopii sinulle:<\/strong><\/p>\n\n\n\n<ul class=\"wp-block-list\">\n<li>jos et viel\u00e4 peruskoulun j\u00e4lkeen tied\u00e4 mit\u00e4 tekisit<\/li>\n\n\n\n<li>jos haluat parantaa peruskoulun todistustasi<\/li>\n\n\n\n<li>jos haluat kehitt\u00e4\u00e4 opiskelutaitojasi<\/li>\n<\/ul>\n\n\n\n<p>Koulutus on tarkoitettu kaikille,<br>jotka tarvitsevat apua opiskeluun tai ammatin valintaan.<\/p>\n\n\n\n<p>Voit hakea koulutukseen milloin vain.Kaikki hakijat haastatellaan.<\/p>\n\n\n\n<p>Koulutus kest\u00e4\u00e4 vuoden.<br>Koulutuksen j\u00e4lkeen ymm\u00e4rr\u00e4t,<br>miten Suomessa opiskellaan ammatti.<br>Osaat opiskella ja toimia oikein<br>koulussa ja ty\u00f6paikalla.<\/p>\n\n\n\n<p>Lue lis\u00e4\u00e4 TUVA-koulutuksesta <a href=\"https:\/\/opintopolku.fi\/wp\/ammatillinen-koulutus\/%EF%BB%BFammatilliseen-peruskoulutukseen-valmentava-koulutus\/\">Opintopolusta<\/a><br>tai <a href=\"https:\/\/eperusteet.opintopolku.fi\/#\/fi\/esitys\/2910073\/reformi\/tiedot\">ePerusteet-palvelusta<\/a>.<\/p>\n","protected":false},"excerpt":{"rendered":"<p>Koulutustarjonta Perustutkinnot ja ammatti- ja erikoisammattitutkinnot Ammatillinen tutkinto voi olla ammatillinen perustutkinto,ammattitutkinto tai erikoisammattitutkinto.Tutkinnot koostuvat osista.Voit suorittaa koko tutkinnon tai osia siit\u00e4.Tutkinnon koko mitataan osaamispisteill\u00e4.Osaamispiste lyhennet\u00e4\u00e4n osp. Opiskelet koulussa, internetiss\u00e4, ty\u00f6paikalla ja kotona. Ammatillinen perustutkinto on 180 osp.T\u00e4h\u00e4n haet peruskoulun j\u00e4lkeen. &nbsp;Ammatillisessa perustutkinnossa opit alasi perusteht\u00e4v\u00e4tpakollisissa osissa.Valinnaiset osat valitset itse sen mukaan,mik\u00e4 sinua kiinnostaa. Suurin [&hellip;]<\/p>\n","protected":false},"author":2,"featured_media":0,"parent":0,"menu_order":0,"comment_status":"closed","ping_status":"closed","template":"subpage-template.php","meta":{"_acf_changed":false,"footnotes":""},"class_list":["post-11734","page","type-page","status-publish","hentry"],"acf":[],"yoast_head":"<!-- This site is optimized with the Yoast SEO plugin v27.5 - https:\/\/yoast.com\/product\/yoast-seo-wordpress\/ -->\n<title>Koulutustarjonta - Samiedu<\/title>\n<meta name=\"robots\" content=\"index, follow, max-snippet:-1, max-image-preview:large, max-video-preview:-1\" \/>\n<link rel=\"canonical\" href=\"https:\/\/samiedu.fi\/fi-s\/koulutustarjonta\/\" \/>\n<meta property=\"og:locale\" content=\"fi_FI\" \/>\n<meta property=\"og:type\" content=\"article\" \/>\n<meta property=\"og:title\" content=\"Koulutustarjonta - Samiedu\" \/>\n<meta property=\"og:description\" content=\"Koulutustarjonta Perustutkinnot ja ammatti- ja erikoisammattitutkinnot Ammatillinen tutkinto voi olla ammatillinen perustutkinto,ammattitutkinto tai erikoisammattitutkinto.Tutkinnot koostuvat osista.Voit suorittaa koko tutkinnon tai osia siit\u00e4.Tutkinnon koko mitataan osaamispisteill\u00e4.Osaamispiste lyhennet\u00e4\u00e4n osp. Opiskelet koulussa, internetiss\u00e4, ty\u00f6paikalla ja kotona. Ammatillinen perustutkinto on 180 osp.T\u00e4h\u00e4n haet peruskoulun j\u00e4lkeen. &nbsp;Ammatillisessa perustutkinnossa opit alasi perusteht\u00e4v\u00e4tpakollisissa osissa.Valinnaiset osat valitset itse sen mukaan,mik\u00e4 sinua kiinnostaa. Suurin [&hellip;]\" \/>\n<meta property=\"og:url\" content=\"https:\/\/samiedu.fi\/fi-s\/koulutustarjonta\/\" \/>\n<meta property=\"og:site_name\" content=\"Samiedu\" \/>\n<meta property=\"article:publisher\" content=\"https:\/\/www.facebook.com\/samiedu\" \/>\n<meta property=\"article:modified_time\" content=\"2025-05-27T10:13:58+00:00\" \/>\n<meta property=\"og:image\" content=\"https:\/\/samiedu.fi\/wp-content\/uploads\/2020\/06\/dsc0215-edit-2_nelio.jpg\" \/>\n<meta name=\"twitter:card\" content=\"summary_large_image\" \/>\n<meta name=\"twitter:label1\" content=\"Est. reading time\" \/>\n\t<meta name=\"twitter:data1\" content=\"3 minutes\" \/>\n<script type=\"application\/ld+json\" class=\"yoast-schema-graph\">{\"@context\":\"https:\\\/\\\/schema.org\",\"@graph\":[{\"@type\":\"WebPage\",\"@id\":\"https:\\\/\\\/samiedu.fi\\\/fi-s\\\/koulutustarjonta\\\/\",\"url\":\"https:\\\/\\\/samiedu.fi\\\/fi-s\\\/koulutustarjonta\\\/\",\"name\":\"Koulutustarjonta - Samiedu\",\"isPartOf\":{\"@id\":\"https:\\\/\\\/samiedu.fi\\\/fi-s\\\/#website\"},\"datePublished\":\"2021-06-14T10:56:04+00:00\",\"dateModified\":\"2025-05-27T10:13:58+00:00\",\"breadcrumb\":{\"@id\":\"https:\\\/\\\/samiedu.fi\\\/fi-s\\\/koulutustarjonta\\\/#breadcrumb\"},\"inLanguage\":\"fi-selko\",\"potentialAction\":[{\"@type\":\"ReadAction\",\"target\":[\"https:\\\/\\\/samiedu.fi\\\/fi-s\\\/koulutustarjonta\\\/\"]}]},{\"@type\":\"BreadcrumbList\",\"@id\":\"https:\\\/\\\/samiedu.fi\\\/fi-s\\\/koulutustarjonta\\\/#breadcrumb\",\"itemListElement\":[{\"@type\":\"ListItem\",\"position\":1,\"name\":\"Etusivu\",\"item\":\"https:\\\/\\\/samiedu.fi\\\/fi-s\\\/\"},{\"@type\":\"ListItem\",\"position\":2,\"name\":\"Koulutustarjonta\"}]},{\"@type\":\"WebSite\",\"@id\":\"https:\\\/\\\/samiedu.fi\\\/fi-s\\\/#website\",\"url\":\"https:\\\/\\\/samiedu.fi\\\/fi-s\\\/\",\"name\":\"Samiedu\",\"description\":\"Ammattiopisto Samiedu\",\"publisher\":{\"@id\":\"https:\\\/\\\/samiedu.fi\\\/fi-s\\\/#organization\"},\"potentialAction\":[{\"@type\":\"SearchAction\",\"target\":{\"@type\":\"EntryPoint\",\"urlTemplate\":\"https:\\\/\\\/samiedu.fi\\\/fi-s\\\/?s={search_term_string}\"},\"query-input\":{\"@type\":\"PropertyValueSpecification\",\"valueRequired\":true,\"valueName\":\"search_term_string\"}}],\"inLanguage\":\"fi-selko\"},{\"@type\":\"Organization\",\"@id\":\"https:\\\/\\\/samiedu.fi\\\/fi-s\\\/#organization\",\"name\":\"Ammattiopisto Samiedu\",\"url\":\"https:\\\/\\\/samiedu.fi\\\/fi-s\\\/\",\"logo\":{\"@type\":\"ImageObject\",\"inLanguage\":\"fi-selko\",\"@id\":\"https:\\\/\\\/samiedu.fi\\\/fi-s\\\/#\\\/schema\\\/logo\\\/image\\\/\",\"url\":\"\",\"contentUrl\":\"\",\"caption\":\"Ammattiopisto Samiedu\"},\"image\":{\"@id\":\"https:\\\/\\\/samiedu.fi\\\/fi-s\\\/#\\\/schema\\\/logo\\\/image\\\/\"},\"sameAs\":[\"https:\\\/\\\/www.facebook.com\\\/samiedu\"]}]}<\/script>\n<!-- \/ Yoast SEO plugin. -->","yoast_head_json":{"title":"Koulutustarjonta - Samiedu","robots":{"index":"index","follow":"follow","max-snippet":"max-snippet:-1","max-image-preview":"max-image-preview:large","max-video-preview":"max-video-preview:-1"},"canonical":"https:\/\/samiedu.fi\/fi-s\/koulutustarjonta\/","og_locale":"fi_FI","og_type":"article","og_title":"Koulutustarjonta - Samiedu","og_description":"Koulutustarjonta Perustutkinnot ja ammatti- ja erikoisammattitutkinnot Ammatillinen tutkinto voi olla ammatillinen perustutkinto,ammattitutkinto tai erikoisammattitutkinto.Tutkinnot koostuvat osista.Voit suorittaa koko tutkinnon tai osia siit\u00e4.Tutkinnon koko mitataan osaamispisteill\u00e4.Osaamispiste lyhennet\u00e4\u00e4n osp. Opiskelet koulussa, internetiss\u00e4, ty\u00f6paikalla ja kotona. Ammatillinen perustutkinto on 180 osp.T\u00e4h\u00e4n haet peruskoulun j\u00e4lkeen. &nbsp;Ammatillisessa perustutkinnossa opit alasi perusteht\u00e4v\u00e4tpakollisissa osissa.Valinnaiset osat valitset itse sen mukaan,mik\u00e4 sinua kiinnostaa. Suurin [&hellip;]","og_url":"https:\/\/samiedu.fi\/fi-s\/koulutustarjonta\/","og_site_name":"Samiedu","article_publisher":"https:\/\/www.facebook.com\/samiedu","article_modified_time":"2025-05-27T10:13:58+00:00","og_image":[{"url":"https:\/\/samiedu.fi\/wp-content\/uploads\/2020\/06\/dsc0215-edit-2_nelio.jpg","type":"","width":"","height":""}],"twitter_card":"summary_large_image","twitter_misc":{"Est. reading time":"3 minutes"},"schema":{"@context":"https:\/\/schema.org","@graph":[{"@type":"WebPage","@id":"https:\/\/samiedu.fi\/fi-s\/koulutustarjonta\/","url":"https:\/\/samiedu.fi\/fi-s\/koulutustarjonta\/","name":"Koulutustarjonta - Samiedu","isPartOf":{"@id":"https:\/\/samiedu.fi\/fi-s\/#website"},"datePublished":"2021-06-14T10:56:04+00:00","dateModified":"2025-05-27T10:13:58+00:00","breadcrumb":{"@id":"https:\/\/samiedu.fi\/fi-s\/koulutustarjonta\/#breadcrumb"},"inLanguage":"fi-selko","potentialAction":[{"@type":"ReadAction","target":["https:\/\/samiedu.fi\/fi-s\/koulutustarjonta\/"]}]},{"@type":"BreadcrumbList","@id":"https:\/\/samiedu.fi\/fi-s\/koulutustarjonta\/#breadcrumb","itemListElement":[{"@type":"ListItem","position":1,"name":"Etusivu","item":"https:\/\/samiedu.fi\/fi-s\/"},{"@type":"ListItem","position":2,"name":"Koulutustarjonta"}]},{"@type":"WebSite","@id":"https:\/\/samiedu.fi\/fi-s\/#website","url":"https:\/\/samiedu.fi\/fi-s\/","name":"Samiedu","description":"Ammattiopisto Samiedu","publisher":{"@id":"https:\/\/samiedu.fi\/fi-s\/#organization"},"potentialAction":[{"@type":"SearchAction","target":{"@type":"EntryPoint","urlTemplate":"https:\/\/samiedu.fi\/fi-s\/?s={search_term_string}"},"query-input":{"@type":"PropertyValueSpecification","valueRequired":true,"valueName":"search_term_string"}}],"inLanguage":"fi-selko"},{"@type":"Organization","@id":"https:\/\/samiedu.fi\/fi-s\/#organization","name":"Ammattiopisto Samiedu","url":"https:\/\/samiedu.fi\/fi-s\/","logo":{"@type":"ImageObject","inLanguage":"fi-selko","@id":"https:\/\/samiedu.fi\/fi-s\/#\/schema\/logo\/image\/","url":"","contentUrl":"","caption":"Ammattiopisto Samiedu"},"image":{"@id":"https:\/\/samiedu.fi\/fi-s\/#\/schema\/logo\/image\/"},"sameAs":["https:\/\/www.facebook.com\/samiedu"]}]}},"_links":{"self":[{"href":"https:\/\/samiedu.fi\/fi-s\/wp-json\/wp\/v2\/pages\/11734","targetHints":{"allow":["GET"]}}],"collection":[{"href":"https:\/\/samiedu.fi\/fi-s\/wp-json\/wp\/v2\/pages"}],"about":[{"href":"https:\/\/samiedu.fi\/fi-s\/wp-json\/wp\/v2\/types\/page"}],"author":[{"embeddable":true,"href":"https:\/\/samiedu.fi\/fi-s\/wp-json\/wp\/v2\/users\/2"}],"replies":[{"embeddable":true,"href":"https:\/\/samiedu.fi\/fi-s\/wp-json\/wp\/v2\/comments?post=11734"}],"version-history":[{"count":20,"href":"https:\/\/samiedu.fi\/fi-s\/wp-json\/wp\/v2\/pages\/11734\/revisions"}],"predecessor-version":[{"id":43563,"href":"https:\/\/samiedu.fi\/fi-s\/wp-json\/wp\/v2\/pages\/11734\/revisions\/43563"}],"wp:attachment":[{"href":"https:\/\/samiedu.fi\/fi-s\/wp-json\/wp\/v2\/media?parent=11734"}],"curies":[{"name":"wp","href":"https:\/\/api.w.org\/{rel}","templated":true}]}}