{"id":9144,"date":"2020-05-20T09:22:43","date_gmt":"2020-05-20T07:22:43","guid":{"rendered":"https:\/\/samiedu.fi\/\/ura-ja-opinto-ohjaus\/"},"modified":"2025-05-27T12:19:27","modified_gmt":"2025-05-27T10:19:27","slug":"ura-ja-opinto-ohjaus","status":"publish","type":"page","link":"https:\/\/samiedu.fi\/fi-s\/ura-ja-opinto-ohjaus\/","title":{"rendered":"Ura- ja opinto-ohjaus"},"content":{"rendered":"\n<h1 class=\"wp-block-heading\">Opinto- ja uraohjaus<\/h1>\n\n\n\n<p>Jos haluat opiskella uuden ammatin,<br>opiskella tutkintosi loppuun tai oppia lis\u00e4\u00e4,<br>niin me etsimme sinulle parhaan vaihtoehdon.<br>Neuvomme my\u00f6s opintojen rahoituksessa<br>ja kaikissa muissa opintoihin liittyviss\u00e4 asioissa.<br><\/p>\n\n\n\n<hr class=\"wp-block-separator has-css-opacity is-style-wide\"\/>\n\n\n\n<h3 class=\"wp-block-heading\">Opinto-ohjaajat<\/h3>\n\n\n\n<p>Opinto-ohjaajat eli opot ovat tukenasi.<br>He auttavat ammatinvalinnassa ja<br>kaikissa opiskeluun liittyviss\u00e4 asioissa.<br>Opintojen aikana he auttavat opintojen suunnittelussa<br>ja ty\u00f6paikan l\u00f6yt\u00e4misess\u00e4.<\/p>\n\n\n\n<p>Jos et tied\u00e4, mit\u00e4 haluat opiskella, ota yhteytt\u00e4 opinto-ohjaajaan!<\/p>\n\n\n\n<p>Marika Malinen<br>Puh. 044 550 6590<br>S\u00e4hk\u00f6posti on muotoa etunimi.sukunimi@samiedu.fi<\/p>\n\n\n\n<p>Marika auttaa, kun opiskelet tai olet kiinnostunut n\u00e4ist\u00e4:<\/p>\n\n\n\n<ul class=\"wp-block-list\">\n<li>Sosiaali- ja terveysalan perustutkinto, l\u00e4hihoitaja<\/li>\n\n\n\n<li>Vanhusty\u00f6n erikoisammattitutkinto<\/li>\n\n\n\n<li>Taideteollisuusalan perustutkinto<\/li>\n\n\n\n<li>Media-alan ja kuvallisen ilmaisun perustutkinto<\/li>\n\n\n\n<li>Logistiikan perustutkinto<\/li>\n\n\n\n<li>Ajoneuvoalan perustutkinto<\/li>\n<\/ul>\n\n\n\n<p>Tiina Vellonen<br>puh. 044 550 6615<br>S\u00e4hk\u00f6posti on muotoa etunimi.sukunimi@samiedu.fi<\/p>\n\n\n\n<p>Tiina auttaa, kun opiskelet tai olet kiinnostunut n\u00e4ist\u00e4:<\/p>\n\n\n\n<ul class=\"wp-block-list\">\n<li>TUVA, tutkintokoulutukseen valmentava koulutus<\/li>\n\n\n\n<li>Liiketoiminnan perustutkinto, l\u00e4hiopinnot<\/li>\n\n\n\n<li>Tieto- ja viestint\u00e4tekniikan perustutkinto<\/li>\n\n\n\n<li>Rakennusalan perustutkinto<\/li>\n\n\n\n<li>S\u00e4hk\u00f6- ja automaatioalan perustutkinto<\/li>\n\n\n\n<li>Mets\u00e4alan perustutkinto<\/li>\n<\/ul>\n\n\n\n<p>P\u00e4ivi Kapanen<br>Puh. 044&nbsp;550 6364<br>S\u00e4hk\u00f6posti on muotoa etunimi.sukunimi@samiedu.fi<\/p>\n\n\n\n<p>P\u00e4ivi auttaa, kun opiskelet tai olet kiinnostunut n\u00e4ist\u00e4:<\/p>\n\n\n\n<ul class=\"wp-block-list\">\n<li>Matkailualan perustutkinto, l\u00e4hiopinnot<\/li>\n\n\n\n<li>Ravintola- ja cateringalan perustutkinto<\/li>\n\n\n\n<li>Hius- ja kauneudenhoitoalan perustutkinto<\/li>\n\n\n\n<li>Puhtaus- ja kiinteist\u00f6palvelualan perustutkinto<\/li>\n\n\n\n<li>Elintarvikealan perustutkinto<\/li>\n\n\n\n<li>Talotekniikan perustutkinto<\/li>\n\n\n\n<li>Talotekniikan ammattitutkinto<\/li>\n\n\n\n<li>Kone- ja tuotantotekniikan perustutkinto<\/li>\n\n\n\n<li>Hieronnan ammattitutkinto<\/li>\n\n\n\n<li>Hieronnan erikoisammattitutkinto<\/li>\n\n\n\n<li>MAMA-koulutus<\/li>\n<\/ul>\n\n\n\n<p>Sanna Lappalainen<br>Opinto-ohjaaja<br>Puh. 050 574 3093<br>S\u00e4hk\u00f6posti on muotoa etunimi.sukunimi@samiedu.fi<\/p>\n\n\n\n<ul class=\"wp-block-list\">\n<li>Matkailualan perustutkinto verkossa<\/li>\n\n\n\n<li>Liiketoiminnan perustutkinto verkossa<\/li>\n\n\n\n<li>Johtamisen ja yritysjohtamisen erikoisammattitutkinto<\/li>\n\n\n\n<li>L\u00e4hiesimiesty\u00f6n ammattitutkinto<\/li>\n\n\n\n<li>Is\u00e4nn\u00f6innin ammattitutkinto<\/li>\n\n\n\n<li>Yritt\u00e4jyyden ammattitutkinto<\/li>\n\n\n\n<li>Mets\u00e4alan ammattitutkinto, mets\u00e4talousyritt\u00e4j\u00e4<\/li>\n<\/ul>\n\n\n\n<p>Voit varata Sannalle ajan hakeutumisvaiheen ohjaukseen&nbsp;<a href=\"https:\/\/outlook.office365.com\/owa\/calendar\/ItSavonkoulutuskuntayhtym435248@isako365.onmicrosoft.com\/bookings\/\">t\u00e4st\u00e4.<\/a><\/p>\n\n\n\n<p>Matti Heinonen, opinto-ohjaaja<br>Puh. 044 550&nbsp;6275<br>S\u00e4hk\u00f6posti on muotoa etunimi.sukunimi@samiedu.fi<\/p>\n\n\n\n<ul class=\"wp-block-list\">\n<li>Yhdistelm\u00e4opintoihin (lukio) ja ammattikorkeakouluyhteisty\u00f6h\u00f6n liittyv\u00e4t asiat<\/li>\n<\/ul>\n","protected":false},"excerpt":{"rendered":"<p>Opinto- ja uraohjaus Jos haluat opiskella uuden ammatin,opiskella tutkintosi loppuun tai oppia lis\u00e4\u00e4,niin me etsimme sinulle parhaan vaihtoehdon.Neuvomme my\u00f6s opintojen rahoituksessaja kaikissa muissa opintoihin liittyviss\u00e4 asioissa. Opinto-ohjaajat Opinto-ohjaajat eli opot ovat tukenasi.He auttavat ammatinvalinnassa jakaikissa opiskeluun liittyviss\u00e4 asioissa.Opintojen aikana he auttavat opintojen suunnittelussaja ty\u00f6paikan l\u00f6yt\u00e4misess\u00e4. Jos et tied\u00e4, mit\u00e4 haluat opiskella, ota yhteytt\u00e4 opinto-ohjaajaan! Marika [&hellip;]<\/p>\n","protected":false},"author":2,"featured_media":0,"parent":0,"menu_order":0,"comment_status":"closed","ping_status":"closed","template":"subpage-template.php","meta":{"_acf_changed":false,"footnotes":""},"class_list":["post-9144","page","type-page","status-publish","hentry"],"acf":[],"yoast_head":"<!-- This site is optimized with the Yoast SEO plugin v27.3 - https:\/\/yoast.com\/product\/yoast-seo-wordpress\/ -->\n<title>Ura- ja opinto-ohjaus - Samiedu<\/title>\n<meta name=\"description\" content=\"Opiskelu mieless\u00e4, mutta et tied\u00e4 mist\u00e4 aloittaa? Aloita t\u00e4st\u00e4.\" \/>\n<meta name=\"robots\" content=\"index, follow, max-snippet:-1, max-image-preview:large, max-video-preview:-1\" \/>\n<link rel=\"canonical\" href=\"https:\/\/samiedu.fi\/fi-s\/ura-ja-opinto-ohjaus\/\" \/>\n<meta property=\"og:locale\" content=\"fi_FI\" \/>\n<meta property=\"og:type\" content=\"article\" \/>\n<meta property=\"og:title\" content=\"Ura- ja opinto-ohjaus - Samiedu\" \/>\n<meta property=\"og:description\" content=\"Opiskelu mieless\u00e4, mutta et tied\u00e4 mist\u00e4 aloittaa? Aloita t\u00e4st\u00e4.\" \/>\n<meta property=\"og:url\" content=\"https:\/\/samiedu.fi\/fi-s\/ura-ja-opinto-ohjaus\/\" \/>\n<meta property=\"og:site_name\" content=\"Samiedu\" \/>\n<meta property=\"article:publisher\" content=\"https:\/\/www.facebook.com\/samiedu\" \/>\n<meta property=\"article:modified_time\" content=\"2025-05-27T10:19:27+00:00\" \/>\n<meta property=\"og:image\" content=\"https:\/\/samiedu.fi\/wp-content\/uploads\/2020\/10\/dsc8983-edit-2_nelio.jpg\" \/>\n<meta name=\"twitter:card\" content=\"summary_large_image\" \/>\n<meta name=\"twitter:label1\" content=\"Est. reading time\" \/>\n\t<meta name=\"twitter:data1\" content=\"2 minutes\" \/>\n<script type=\"application\/ld+json\" class=\"yoast-schema-graph\">{\"@context\":\"https:\\\/\\\/schema.org\",\"@graph\":[{\"@type\":\"WebPage\",\"@id\":\"https:\\\/\\\/samiedu.fi\\\/fi-s\\\/ura-ja-opinto-ohjaus\\\/\",\"url\":\"https:\\\/\\\/samiedu.fi\\\/fi-s\\\/ura-ja-opinto-ohjaus\\\/\",\"name\":\"Ura- ja opinto-ohjaus - Samiedu\",\"isPartOf\":{\"@id\":\"https:\\\/\\\/samiedu.fi\\\/fi-s\\\/#website\"},\"datePublished\":\"2020-05-20T07:22:43+00:00\",\"dateModified\":\"2025-05-27T10:19:27+00:00\",\"description\":\"Opiskelu mieless\u00e4, mutta et tied\u00e4 mist\u00e4 aloittaa? Aloita t\u00e4st\u00e4.\",\"breadcrumb\":{\"@id\":\"https:\\\/\\\/samiedu.fi\\\/fi-s\\\/ura-ja-opinto-ohjaus\\\/#breadcrumb\"},\"inLanguage\":\"fi-selko\",\"potentialAction\":[{\"@type\":\"ReadAction\",\"target\":[\"https:\\\/\\\/samiedu.fi\\\/fi-s\\\/ura-ja-opinto-ohjaus\\\/\"]}]},{\"@type\":\"BreadcrumbList\",\"@id\":\"https:\\\/\\\/samiedu.fi\\\/fi-s\\\/ura-ja-opinto-ohjaus\\\/#breadcrumb\",\"itemListElement\":[{\"@type\":\"ListItem\",\"position\":1,\"name\":\"Etusivu\",\"item\":\"https:\\\/\\\/samiedu.fi\\\/fi-s\\\/\"},{\"@type\":\"ListItem\",\"position\":2,\"name\":\"Ura- ja opinto-ohjaus\"}]},{\"@type\":\"WebSite\",\"@id\":\"https:\\\/\\\/samiedu.fi\\\/fi-s\\\/#website\",\"url\":\"https:\\\/\\\/samiedu.fi\\\/fi-s\\\/\",\"name\":\"Samiedu\",\"description\":\"Ammattiopisto Samiedu\",\"publisher\":{\"@id\":\"https:\\\/\\\/samiedu.fi\\\/fi-s\\\/#organization\"},\"potentialAction\":[{\"@type\":\"SearchAction\",\"target\":{\"@type\":\"EntryPoint\",\"urlTemplate\":\"https:\\\/\\\/samiedu.fi\\\/fi-s\\\/?s={search_term_string}\"},\"query-input\":{\"@type\":\"PropertyValueSpecification\",\"valueRequired\":true,\"valueName\":\"search_term_string\"}}],\"inLanguage\":\"fi-selko\"},{\"@type\":\"Organization\",\"@id\":\"https:\\\/\\\/samiedu.fi\\\/fi-s\\\/#organization\",\"name\":\"Ammattiopisto Samiedu\",\"url\":\"https:\\\/\\\/samiedu.fi\\\/fi-s\\\/\",\"logo\":{\"@type\":\"ImageObject\",\"inLanguage\":\"fi-selko\",\"@id\":\"https:\\\/\\\/samiedu.fi\\\/fi-s\\\/#\\\/schema\\\/logo\\\/image\\\/\",\"url\":\"\",\"contentUrl\":\"\",\"caption\":\"Ammattiopisto Samiedu\"},\"image\":{\"@id\":\"https:\\\/\\\/samiedu.fi\\\/fi-s\\\/#\\\/schema\\\/logo\\\/image\\\/\"},\"sameAs\":[\"https:\\\/\\\/www.facebook.com\\\/samiedu\"]}]}<\/script>\n<!-- \/ Yoast SEO plugin. -->","yoast_head_json":{"title":"Ura- ja opinto-ohjaus - Samiedu","description":"Opiskelu mieless\u00e4, mutta et tied\u00e4 mist\u00e4 aloittaa? Aloita t\u00e4st\u00e4.","robots":{"index":"index","follow":"follow","max-snippet":"max-snippet:-1","max-image-preview":"max-image-preview:large","max-video-preview":"max-video-preview:-1"},"canonical":"https:\/\/samiedu.fi\/fi-s\/ura-ja-opinto-ohjaus\/","og_locale":"fi_FI","og_type":"article","og_title":"Ura- ja opinto-ohjaus - Samiedu","og_description":"Opiskelu mieless\u00e4, mutta et tied\u00e4 mist\u00e4 aloittaa? Aloita t\u00e4st\u00e4.","og_url":"https:\/\/samiedu.fi\/fi-s\/ura-ja-opinto-ohjaus\/","og_site_name":"Samiedu","article_publisher":"https:\/\/www.facebook.com\/samiedu","article_modified_time":"2025-05-27T10:19:27+00:00","og_image":[{"url":"https:\/\/samiedu.fi\/wp-content\/uploads\/2020\/10\/dsc8983-edit-2_nelio.jpg","type":"","width":"","height":""}],"twitter_card":"summary_large_image","twitter_misc":{"Est. reading time":"2 minutes"},"schema":{"@context":"https:\/\/schema.org","@graph":[{"@type":"WebPage","@id":"https:\/\/samiedu.fi\/fi-s\/ura-ja-opinto-ohjaus\/","url":"https:\/\/samiedu.fi\/fi-s\/ura-ja-opinto-ohjaus\/","name":"Ura- ja opinto-ohjaus - Samiedu","isPartOf":{"@id":"https:\/\/samiedu.fi\/fi-s\/#website"},"datePublished":"2020-05-20T07:22:43+00:00","dateModified":"2025-05-27T10:19:27+00:00","description":"Opiskelu mieless\u00e4, mutta et tied\u00e4 mist\u00e4 aloittaa? Aloita t\u00e4st\u00e4.","breadcrumb":{"@id":"https:\/\/samiedu.fi\/fi-s\/ura-ja-opinto-ohjaus\/#breadcrumb"},"inLanguage":"fi-selko","potentialAction":[{"@type":"ReadAction","target":["https:\/\/samiedu.fi\/fi-s\/ura-ja-opinto-ohjaus\/"]}]},{"@type":"BreadcrumbList","@id":"https:\/\/samiedu.fi\/fi-s\/ura-ja-opinto-ohjaus\/#breadcrumb","itemListElement":[{"@type":"ListItem","position":1,"name":"Etusivu","item":"https:\/\/samiedu.fi\/fi-s\/"},{"@type":"ListItem","position":2,"name":"Ura- ja opinto-ohjaus"}]},{"@type":"WebSite","@id":"https:\/\/samiedu.fi\/fi-s\/#website","url":"https:\/\/samiedu.fi\/fi-s\/","name":"Samiedu","description":"Ammattiopisto Samiedu","publisher":{"@id":"https:\/\/samiedu.fi\/fi-s\/#organization"},"potentialAction":[{"@type":"SearchAction","target":{"@type":"EntryPoint","urlTemplate":"https:\/\/samiedu.fi\/fi-s\/?s={search_term_string}"},"query-input":{"@type":"PropertyValueSpecification","valueRequired":true,"valueName":"search_term_string"}}],"inLanguage":"fi-selko"},{"@type":"Organization","@id":"https:\/\/samiedu.fi\/fi-s\/#organization","name":"Ammattiopisto Samiedu","url":"https:\/\/samiedu.fi\/fi-s\/","logo":{"@type":"ImageObject","inLanguage":"fi-selko","@id":"https:\/\/samiedu.fi\/fi-s\/#\/schema\/logo\/image\/","url":"","contentUrl":"","caption":"Ammattiopisto Samiedu"},"image":{"@id":"https:\/\/samiedu.fi\/fi-s\/#\/schema\/logo\/image\/"},"sameAs":["https:\/\/www.facebook.com\/samiedu"]}]}},"_links":{"self":[{"href":"https:\/\/samiedu.fi\/fi-s\/wp-json\/wp\/v2\/pages\/9144","targetHints":{"allow":["GET"]}}],"collection":[{"href":"https:\/\/samiedu.fi\/fi-s\/wp-json\/wp\/v2\/pages"}],"about":[{"href":"https:\/\/samiedu.fi\/fi-s\/wp-json\/wp\/v2\/types\/page"}],"author":[{"embeddable":true,"href":"https:\/\/samiedu.fi\/fi-s\/wp-json\/wp\/v2\/users\/2"}],"replies":[{"embeddable":true,"href":"https:\/\/samiedu.fi\/fi-s\/wp-json\/wp\/v2\/comments?post=9144"}],"version-history":[{"count":7,"href":"https:\/\/samiedu.fi\/fi-s\/wp-json\/wp\/v2\/pages\/9144\/revisions"}],"predecessor-version":[{"id":43567,"href":"https:\/\/samiedu.fi\/fi-s\/wp-json\/wp\/v2\/pages\/9144\/revisions\/43567"}],"wp:attachment":[{"href":"https:\/\/samiedu.fi\/fi-s\/wp-json\/wp\/v2\/media?parent=9144"}],"curies":[{"name":"wp","href":"https:\/\/api.w.org\/{rel}","templated":true}]}}