{"id":9148,"date":"2020-06-04T13:07:17","date_gmt":"2020-06-04T11:07:17","guid":{"rendered":"https:\/\/samiedu.fi\/\/opintojen-rahoitus\/"},"modified":"2025-05-27T12:20:46","modified_gmt":"2025-05-27T10:20:46","slug":"opintojen-rahoitus","status":"publish","type":"page","link":"https:\/\/samiedu.fi\/fi-s\/opintojen-rahoitus\/","title":{"rendered":"Opintojen rahoitus"},"content":{"rendered":"\n<h1 class=\"wp-block-heading\">Opintojen rahoitus<\/h1>\n\n\n\n<p>Opintoja varten tarvitset rahaa.<br>My\u00f6s aikuinen opiskelija voi saada rahallista tukea.<br>Rahan saanti kannattaa selvitt\u00e4\u00e4 jo ennen opiskelupaikkaa.<\/p>\n\n\n\n<p>Kelan maksama opintotuki on yleisin tapa.<br>Ty\u00f6t\u00f6n ty\u00f6nhakija voi saada opiskella<br>ty\u00f6tt\u00f6myysetuudella.<br>Siit\u00e4 voit kysy\u00e4 TE-toimistosta.&nbsp;<\/p>\n\n\n\n<h3 class=\"wp-block-heading\">Opintotuki<\/h3>\n\n\n\n<p><strong>Milloin saat: <\/strong>olet yli 17-vuotias p\u00e4\u00e4toiminen opiskelija<br><strong>Mit\u00e4 huomioitava: <\/strong>Alle 20-vuotiaan opintotukeen<br>vaikuttavat vanhempien tulot.<br><strong>Kuka my\u00f6nt\u00e4\u00e4:<\/strong> Kela<\/p>\n\n\n\n<p>Opintotuessa on kolme osaa:<br>opintoraha, jonka m\u00e4\u00e4r\u00e4\u00e4n vaikuttaa ik\u00e4si ja se, miten asut<br>opintolaina, jota voit hakea pankista, jos tarvitset<br>oppimateriaalilis\u00e4, jolla maksat tarvikkeesi<\/p>\n\n\n\n<p><a href=\"https:\/\/www.kela.fi\/web\/selkosuomi\/opiskelu-ja-asevelvollisuus\">Lue lis\u00e4\u00e4 t\u00e4\u00e4lt\u00e4<\/a><\/p>\n\n\n\n<hr class=\"wp-block-separator has-css-opacity is-style-wide\"\/>\n\n\n\n<h3 class=\"wp-block-heading\">Oppimateriaalilis\u00e4<\/h3>\n\n\n\n<p><strong>Milloin saat:<\/strong> Asut vanhempasi luona ja olet alle 20-vuotias<br>tai asut itsen\u00e4isesti ja olet alle 18-vuotias<br><strong>Mit\u00e4 huomioitava:<\/strong> Oppimateriaalilis\u00e4\u00e4 voit saada vain,<br>jos vanhempiesi tulot ovat enint\u00e4\u00e4n 41 100 \u20ac vuodessa.<br><strong>Kuka my\u00f6nt\u00e4\u00e4: <\/strong>Kela<\/p>\n\n\n\n<p><a href=\"https:\/\/www.kela.fi\/web\/selkosuomi\/opiskelu-ja-asevelvollisuus\">Lue lis\u00e4\u00e4 t\u00e4\u00e4lt\u00e4<\/a><\/p>\n\n\n\n<hr class=\"wp-block-separator has-css-opacity is-style-wide\"\/>\n\n\n\n<h3 class=\"wp-block-heading\">Koulumatkatuki<\/h3>\n\n\n\n<p><strong>Milloin saat: <\/strong>opiskelet p\u00e4\u00e4toimisesti ammatillista perustutkintoa<br>tai TUVA-opintoja<br><strong>Mit\u00e4 huomioitava: <\/strong>Matkasi kotoa kouluun on v\u00e4hint\u00e4\u00e4n 10 kilometri\u00e4<br>ja maksat siit\u00e4 yli 54 euroa kuukaudessa.<br><strong>Kuka my\u00f6nt\u00e4\u00e4:<\/strong> Kela<\/p>\n\n\n\n<p><a href=\"https:\/\/www.kela.fi\/web\/selkosuomi\/opiskelu-ja-asevelvollisuus\">Lue lis\u00e4\u00e4 t\u00e4\u00e4lt\u00e4<\/a><\/p>\n\n\n\n<hr class=\"wp-block-separator has-css-opacity is-style-wide\"\/>\n\n\n\n<h3 class=\"wp-block-heading\">Omaehtoinen ty\u00f6tt\u00f6myysetuudella opiskelu<\/h3>\n\n\n\n<p><strong>Milloin saat<\/strong>: olet yli 25-vuotias ty\u00f6t\u00f6n ty\u00f6nhakija<br><strong>Mit\u00e4 huomioitava: <\/strong>TE-toimisto p\u00e4\u00e4tt\u00e4\u00e4,<br>saatko opiskella ty\u00f6tt\u00f6myysetuudella.<br><strong>Kuka my\u00f6nt\u00e4\u00e4<\/strong>: TE-toimisto<\/p>\n\n\n\n<p><a href=\"https:\/\/www.te-palvelut.fi\/fi\/tyonhakijalle\/ammatinvalinta-koulutus\/omaehtoinen-opiskelu\">Lue lis\u00e4\u00e4 t\u00e4\u00e4lt\u00e4<\/a><\/p>\n","protected":false},"excerpt":{"rendered":"<p>Opintojen rahoitus Opintoja varten tarvitset rahaa.My\u00f6s aikuinen opiskelija voi saada rahallista tukea.Rahan saanti kannattaa selvitt\u00e4\u00e4 jo ennen opiskelupaikkaa. Kelan maksama opintotuki on yleisin tapa.Ty\u00f6t\u00f6n ty\u00f6nhakija voi saada opiskellaty\u00f6tt\u00f6myysetuudella.Siit\u00e4 voit kysy\u00e4 TE-toimistosta.&nbsp; Opintotuki Milloin saat: olet yli 17-vuotias p\u00e4\u00e4toiminen opiskelijaMit\u00e4 huomioitava: Alle 20-vuotiaan opintotukeenvaikuttavat vanhempien tulot.Kuka my\u00f6nt\u00e4\u00e4: Kela Opintotuessa on kolme osaa:opintoraha, jonka m\u00e4\u00e4r\u00e4\u00e4n vaikuttaa ik\u00e4si [&hellip;]<\/p>\n","protected":false},"author":2,"featured_media":0,"parent":0,"menu_order":0,"comment_status":"closed","ping_status":"closed","template":"subpage-template.php","meta":{"_acf_changed":false,"footnotes":""},"class_list":["post-9148","page","type-page","status-publish","hentry"],"acf":[],"yoast_head":"<!-- This site is optimized with the Yoast SEO plugin v27.4 - https:\/\/yoast.com\/product\/yoast-seo-wordpress\/ -->\n<title>Opintojen rahoitus - Samiedu<\/title>\n<meta name=\"robots\" content=\"index, follow, max-snippet:-1, max-image-preview:large, max-video-preview:-1\" \/>\n<link rel=\"canonical\" href=\"https:\/\/samiedu.fi\/fi-s\/opintojen-rahoitus\/\" \/>\n<meta property=\"og:locale\" content=\"fi_FI\" \/>\n<meta property=\"og:type\" content=\"article\" \/>\n<meta property=\"og:title\" content=\"Opintojen rahoitus - Samiedu\" \/>\n<meta property=\"og:description\" content=\"Opintojen rahoitus Opintoja varten tarvitset rahaa.My\u00f6s aikuinen opiskelija voi saada rahallista tukea.Rahan saanti kannattaa selvitt\u00e4\u00e4 jo ennen opiskelupaikkaa. Kelan maksama opintotuki on yleisin tapa.Ty\u00f6t\u00f6n ty\u00f6nhakija voi saada opiskellaty\u00f6tt\u00f6myysetuudella.Siit\u00e4 voit kysy\u00e4 TE-toimistosta.&nbsp; Opintotuki Milloin saat: olet yli 17-vuotias p\u00e4\u00e4toiminen opiskelijaMit\u00e4 huomioitava: Alle 20-vuotiaan opintotukeenvaikuttavat vanhempien tulot.Kuka my\u00f6nt\u00e4\u00e4: Kela Opintotuessa on kolme osaa:opintoraha, jonka m\u00e4\u00e4r\u00e4\u00e4n vaikuttaa ik\u00e4si [&hellip;]\" \/>\n<meta property=\"og:url\" content=\"https:\/\/samiedu.fi\/fi-s\/opintojen-rahoitus\/\" \/>\n<meta property=\"og:site_name\" content=\"Samiedu\" \/>\n<meta property=\"article:publisher\" content=\"https:\/\/www.facebook.com\/samiedu\" \/>\n<meta property=\"article:modified_time\" content=\"2025-05-27T10:20:46+00:00\" \/>\n<meta property=\"og:image\" content=\"https:\/\/samiedu.fi\/wp-content\/uploads\/2020\/10\/dsc7526-edit-2_nelio-1.jpg\" \/>\n<meta name=\"twitter:card\" content=\"summary_large_image\" \/>\n<meta name=\"twitter:label1\" content=\"Est. reading time\" \/>\n\t<meta name=\"twitter:data1\" content=\"2 minutes\" \/>\n<script type=\"application\/ld+json\" class=\"yoast-schema-graph\">{\"@context\":\"https:\\\/\\\/schema.org\",\"@graph\":[{\"@type\":\"WebPage\",\"@id\":\"https:\\\/\\\/samiedu.fi\\\/fi-s\\\/opintojen-rahoitus\\\/\",\"url\":\"https:\\\/\\\/samiedu.fi\\\/fi-s\\\/opintojen-rahoitus\\\/\",\"name\":\"Opintojen rahoitus - Samiedu\",\"isPartOf\":{\"@id\":\"https:\\\/\\\/samiedu.fi\\\/fi-s\\\/#website\"},\"datePublished\":\"2020-06-04T11:07:17+00:00\",\"dateModified\":\"2025-05-27T10:20:46+00:00\",\"breadcrumb\":{\"@id\":\"https:\\\/\\\/samiedu.fi\\\/fi-s\\\/opintojen-rahoitus\\\/#breadcrumb\"},\"inLanguage\":\"fi-selko\",\"potentialAction\":[{\"@type\":\"ReadAction\",\"target\":[\"https:\\\/\\\/samiedu.fi\\\/fi-s\\\/opintojen-rahoitus\\\/\"]}]},{\"@type\":\"BreadcrumbList\",\"@id\":\"https:\\\/\\\/samiedu.fi\\\/fi-s\\\/opintojen-rahoitus\\\/#breadcrumb\",\"itemListElement\":[{\"@type\":\"ListItem\",\"position\":1,\"name\":\"Etusivu\",\"item\":\"https:\\\/\\\/samiedu.fi\\\/fi-s\\\/\"},{\"@type\":\"ListItem\",\"position\":2,\"name\":\"Opintojen rahoitus\"}]},{\"@type\":\"WebSite\",\"@id\":\"https:\\\/\\\/samiedu.fi\\\/fi-s\\\/#website\",\"url\":\"https:\\\/\\\/samiedu.fi\\\/fi-s\\\/\",\"name\":\"Samiedu\",\"description\":\"Ammattiopisto Samiedu\",\"publisher\":{\"@id\":\"https:\\\/\\\/samiedu.fi\\\/fi-s\\\/#organization\"},\"potentialAction\":[{\"@type\":\"SearchAction\",\"target\":{\"@type\":\"EntryPoint\",\"urlTemplate\":\"https:\\\/\\\/samiedu.fi\\\/fi-s\\\/?s={search_term_string}\"},\"query-input\":{\"@type\":\"PropertyValueSpecification\",\"valueRequired\":true,\"valueName\":\"search_term_string\"}}],\"inLanguage\":\"fi-selko\"},{\"@type\":\"Organization\",\"@id\":\"https:\\\/\\\/samiedu.fi\\\/fi-s\\\/#organization\",\"name\":\"Ammattiopisto Samiedu\",\"url\":\"https:\\\/\\\/samiedu.fi\\\/fi-s\\\/\",\"logo\":{\"@type\":\"ImageObject\",\"inLanguage\":\"fi-selko\",\"@id\":\"https:\\\/\\\/samiedu.fi\\\/fi-s\\\/#\\\/schema\\\/logo\\\/image\\\/\",\"url\":\"\",\"contentUrl\":\"\",\"caption\":\"Ammattiopisto Samiedu\"},\"image\":{\"@id\":\"https:\\\/\\\/samiedu.fi\\\/fi-s\\\/#\\\/schema\\\/logo\\\/image\\\/\"},\"sameAs\":[\"https:\\\/\\\/www.facebook.com\\\/samiedu\"]}]}<\/script>\n<!-- \/ Yoast SEO plugin. -->","yoast_head_json":{"title":"Opintojen rahoitus - Samiedu","robots":{"index":"index","follow":"follow","max-snippet":"max-snippet:-1","max-image-preview":"max-image-preview:large","max-video-preview":"max-video-preview:-1"},"canonical":"https:\/\/samiedu.fi\/fi-s\/opintojen-rahoitus\/","og_locale":"fi_FI","og_type":"article","og_title":"Opintojen rahoitus - Samiedu","og_description":"Opintojen rahoitus Opintoja varten tarvitset rahaa.My\u00f6s aikuinen opiskelija voi saada rahallista tukea.Rahan saanti kannattaa selvitt\u00e4\u00e4 jo ennen opiskelupaikkaa. Kelan maksama opintotuki on yleisin tapa.Ty\u00f6t\u00f6n ty\u00f6nhakija voi saada opiskellaty\u00f6tt\u00f6myysetuudella.Siit\u00e4 voit kysy\u00e4 TE-toimistosta.&nbsp; Opintotuki Milloin saat: olet yli 17-vuotias p\u00e4\u00e4toiminen opiskelijaMit\u00e4 huomioitava: Alle 20-vuotiaan opintotukeenvaikuttavat vanhempien tulot.Kuka my\u00f6nt\u00e4\u00e4: Kela Opintotuessa on kolme osaa:opintoraha, jonka m\u00e4\u00e4r\u00e4\u00e4n vaikuttaa ik\u00e4si [&hellip;]","og_url":"https:\/\/samiedu.fi\/fi-s\/opintojen-rahoitus\/","og_site_name":"Samiedu","article_publisher":"https:\/\/www.facebook.com\/samiedu","article_modified_time":"2025-05-27T10:20:46+00:00","og_image":[{"url":"https:\/\/samiedu.fi\/wp-content\/uploads\/2020\/10\/dsc7526-edit-2_nelio-1.jpg","type":"","width":"","height":""}],"twitter_card":"summary_large_image","twitter_misc":{"Est. reading time":"2 minutes"},"schema":{"@context":"https:\/\/schema.org","@graph":[{"@type":"WebPage","@id":"https:\/\/samiedu.fi\/fi-s\/opintojen-rahoitus\/","url":"https:\/\/samiedu.fi\/fi-s\/opintojen-rahoitus\/","name":"Opintojen rahoitus - Samiedu","isPartOf":{"@id":"https:\/\/samiedu.fi\/fi-s\/#website"},"datePublished":"2020-06-04T11:07:17+00:00","dateModified":"2025-05-27T10:20:46+00:00","breadcrumb":{"@id":"https:\/\/samiedu.fi\/fi-s\/opintojen-rahoitus\/#breadcrumb"},"inLanguage":"fi-selko","potentialAction":[{"@type":"ReadAction","target":["https:\/\/samiedu.fi\/fi-s\/opintojen-rahoitus\/"]}]},{"@type":"BreadcrumbList","@id":"https:\/\/samiedu.fi\/fi-s\/opintojen-rahoitus\/#breadcrumb","itemListElement":[{"@type":"ListItem","position":1,"name":"Etusivu","item":"https:\/\/samiedu.fi\/fi-s\/"},{"@type":"ListItem","position":2,"name":"Opintojen rahoitus"}]},{"@type":"WebSite","@id":"https:\/\/samiedu.fi\/fi-s\/#website","url":"https:\/\/samiedu.fi\/fi-s\/","name":"Samiedu","description":"Ammattiopisto Samiedu","publisher":{"@id":"https:\/\/samiedu.fi\/fi-s\/#organization"},"potentialAction":[{"@type":"SearchAction","target":{"@type":"EntryPoint","urlTemplate":"https:\/\/samiedu.fi\/fi-s\/?s={search_term_string}"},"query-input":{"@type":"PropertyValueSpecification","valueRequired":true,"valueName":"search_term_string"}}],"inLanguage":"fi-selko"},{"@type":"Organization","@id":"https:\/\/samiedu.fi\/fi-s\/#organization","name":"Ammattiopisto Samiedu","url":"https:\/\/samiedu.fi\/fi-s\/","logo":{"@type":"ImageObject","inLanguage":"fi-selko","@id":"https:\/\/samiedu.fi\/fi-s\/#\/schema\/logo\/image\/","url":"","contentUrl":"","caption":"Ammattiopisto Samiedu"},"image":{"@id":"https:\/\/samiedu.fi\/fi-s\/#\/schema\/logo\/image\/"},"sameAs":["https:\/\/www.facebook.com\/samiedu"]}]}},"_links":{"self":[{"href":"https:\/\/samiedu.fi\/fi-s\/wp-json\/wp\/v2\/pages\/9148","targetHints":{"allow":["GET"]}}],"collection":[{"href":"https:\/\/samiedu.fi\/fi-s\/wp-json\/wp\/v2\/pages"}],"about":[{"href":"https:\/\/samiedu.fi\/fi-s\/wp-json\/wp\/v2\/types\/page"}],"author":[{"embeddable":true,"href":"https:\/\/samiedu.fi\/fi-s\/wp-json\/wp\/v2\/users\/2"}],"replies":[{"embeddable":true,"href":"https:\/\/samiedu.fi\/fi-s\/wp-json\/wp\/v2\/comments?post=9148"}],"version-history":[{"count":6,"href":"https:\/\/samiedu.fi\/fi-s\/wp-json\/wp\/v2\/pages\/9148\/revisions"}],"predecessor-version":[{"id":43568,"href":"https:\/\/samiedu.fi\/fi-s\/wp-json\/wp\/v2\/pages\/9148\/revisions\/43568"}],"wp:attachment":[{"href":"https:\/\/samiedu.fi\/fi-s\/wp-json\/wp\/v2\/media?parent=9148"}],"curies":[{"name":"wp","href":"https:\/\/api.w.org\/{rel}","templated":true}]}}