{"id":9213,"date":"2020-04-20T11:41:47","date_gmt":"2020-04-20T09:41:47","guid":{"rendered":"https:\/\/samiedu.fi\/\/yhteystiedot\/"},"modified":"2022-09-29T10:33:01","modified_gmt":"2022-09-29T08:33:01","slug":"henkiloston-yhteystiedot","status":"publish","type":"page","link":"https:\/\/samiedu.fi\/fi-s\/henkiloston-yhteystiedot\/","title":{"rendered":"Henkil\u00f6st\u00f6n yhteystiedot"},"content":{"rendered":"\n<div class=\"wp-block-group\"><div class=\"wp-block-group__inner-container is-layout-flow wp-block-group-is-layout-flow\">\n<h2 class=\"wp-block-heading\">Ket\u00e4 meist\u00e4 etsit?<\/h2>\n\n\n\n<p>Henkil\u00f6st\u00f6mme puhelinnumerot l\u00f6yd\u00e4t t\u00e4lt\u00e4 sivulta. Henkil\u00f6st\u00f6mme s\u00e4hk\u00f6postit ovat muotoa etunimi.sukunimi@samiedu.fi.<\/p>\n\n\n\n<div id=\"footable_parent_344\"\n         class=\" footable_parent ninja_table_wrapper loading_ninja_table wp_table_data_press_parent bootstrap4 \">\n                <table data-ninja_table_instance=\"ninja_table_instance_0\" data-footable_id=\"344\" data-filter-delay=\"1000\" aria-label=\"Puhelinluettelo - Henkil\u00f6kunta\"            id=\"footable_344\"\n           data-unique_identifier=\"ninja_table_unique_id_3408698147_344\"\n           class=\" foo-table ninja_footable foo_table_344 ninja_table_unique_id_3408698147_344 table  ninja_search_right nt_type_ajax_table vertical_centered  footable-paging-right\">\n                <colgroup>\n                            <col class=\"ninja_column_0 \">\n                            <col class=\"ninja_column_1 \">\n                            <col class=\"ninja_column_2 \">\n                            <col class=\"ninja_column_3 \">\n                            <col class=\"ninja_column_4 \">\n                    <\/colgroup>\n            <\/table>\n    \n    \n    \n<\/div>\n\n<\/div><\/div>\n","protected":false},"excerpt":{"rendered":"<p>Ket\u00e4 meist\u00e4 etsit? Henkil\u00f6st\u00f6mme puhelinnumerot l\u00f6yd\u00e4t t\u00e4lt\u00e4 sivulta. Henkil\u00f6st\u00f6mme s\u00e4hk\u00f6postit ovat muotoa etunimi.sukunimi@samiedu.fi.<\/p>\n","protected":false},"author":1,"featured_media":0,"parent":0,"menu_order":0,"comment_status":"closed","ping_status":"closed","template":"landing-page-template.php","meta":{"_acf_changed":false,"footnotes":""},"class_list":["post-9213","page","type-page","status-publish","hentry"],"acf":[],"yoast_head":"<!-- This site is optimized with the Yoast SEO plugin v27.4 - https:\/\/yoast.com\/product\/yoast-seo-wordpress\/ -->\n<title>Henkil\u00f6st\u00f6n yhteystiedot - Samiedu<\/title>\n<meta name=\"robots\" content=\"index, follow, max-snippet:-1, max-image-preview:large, max-video-preview:-1\" \/>\n<link rel=\"canonical\" href=\"https:\/\/samiedu.fi\/fi-s\/henkiloston-yhteystiedot\/\" \/>\n<meta property=\"og:locale\" content=\"fi_FI\" \/>\n<meta property=\"og:type\" content=\"article\" \/>\n<meta property=\"og:title\" content=\"Henkil\u00f6st\u00f6n yhteystiedot - Samiedu\" \/>\n<meta property=\"og:description\" content=\"Ket\u00e4 meist\u00e4 etsit? Henkil\u00f6st\u00f6mme puhelinnumerot l\u00f6yd\u00e4t t\u00e4lt\u00e4 sivulta. Henkil\u00f6st\u00f6mme s\u00e4hk\u00f6postit ovat muotoa etunimi.sukunimi@samiedu.fi.\" \/>\n<meta property=\"og:url\" content=\"https:\/\/samiedu.fi\/fi-s\/henkiloston-yhteystiedot\/\" \/>\n<meta property=\"og:site_name\" content=\"Samiedu\" \/>\n<meta property=\"article:publisher\" content=\"https:\/\/www.facebook.com\/samiedu\" \/>\n<meta property=\"article:modified_time\" content=\"2022-09-29T08:33:01+00:00\" \/>\n<meta name=\"twitter:card\" content=\"summary_large_image\" \/>\n<script type=\"application\/ld+json\" class=\"yoast-schema-graph\">{\"@context\":\"https:\\\/\\\/schema.org\",\"@graph\":[{\"@type\":\"WebPage\",\"@id\":\"https:\\\/\\\/samiedu.fi\\\/fi-s\\\/henkiloston-yhteystiedot\\\/\",\"url\":\"https:\\\/\\\/samiedu.fi\\\/fi-s\\\/henkiloston-yhteystiedot\\\/\",\"name\":\"Henkil\u00f6st\u00f6n yhteystiedot - Samiedu\",\"isPartOf\":{\"@id\":\"https:\\\/\\\/samiedu.fi\\\/fi-s\\\/#website\"},\"datePublished\":\"2020-04-20T09:41:47+00:00\",\"dateModified\":\"2022-09-29T08:33:01+00:00\",\"breadcrumb\":{\"@id\":\"https:\\\/\\\/samiedu.fi\\\/fi-s\\\/henkiloston-yhteystiedot\\\/#breadcrumb\"},\"inLanguage\":\"fi-selko\",\"potentialAction\":[{\"@type\":\"ReadAction\",\"target\":[\"https:\\\/\\\/samiedu.fi\\\/fi-s\\\/henkiloston-yhteystiedot\\\/\"]}]},{\"@type\":\"BreadcrumbList\",\"@id\":\"https:\\\/\\\/samiedu.fi\\\/fi-s\\\/henkiloston-yhteystiedot\\\/#breadcrumb\",\"itemListElement\":[{\"@type\":\"ListItem\",\"position\":1,\"name\":\"Etusivu\",\"item\":\"https:\\\/\\\/samiedu.fi\\\/fi-s\\\/\"},{\"@type\":\"ListItem\",\"position\":2,\"name\":\"Henkil\u00f6st\u00f6n yhteystiedot\"}]},{\"@type\":\"WebSite\",\"@id\":\"https:\\\/\\\/samiedu.fi\\\/fi-s\\\/#website\",\"url\":\"https:\\\/\\\/samiedu.fi\\\/fi-s\\\/\",\"name\":\"Samiedu\",\"description\":\"Ammattiopisto Samiedu\",\"publisher\":{\"@id\":\"https:\\\/\\\/samiedu.fi\\\/fi-s\\\/#organization\"},\"potentialAction\":[{\"@type\":\"SearchAction\",\"target\":{\"@type\":\"EntryPoint\",\"urlTemplate\":\"https:\\\/\\\/samiedu.fi\\\/fi-s\\\/?s={search_term_string}\"},\"query-input\":{\"@type\":\"PropertyValueSpecification\",\"valueRequired\":true,\"valueName\":\"search_term_string\"}}],\"inLanguage\":\"fi-selko\"},{\"@type\":\"Organization\",\"@id\":\"https:\\\/\\\/samiedu.fi\\\/fi-s\\\/#organization\",\"name\":\"Ammattiopisto Samiedu\",\"url\":\"https:\\\/\\\/samiedu.fi\\\/fi-s\\\/\",\"logo\":{\"@type\":\"ImageObject\",\"inLanguage\":\"fi-selko\",\"@id\":\"https:\\\/\\\/samiedu.fi\\\/fi-s\\\/#\\\/schema\\\/logo\\\/image\\\/\",\"url\":\"\",\"contentUrl\":\"\",\"caption\":\"Ammattiopisto Samiedu\"},\"image\":{\"@id\":\"https:\\\/\\\/samiedu.fi\\\/fi-s\\\/#\\\/schema\\\/logo\\\/image\\\/\"},\"sameAs\":[\"https:\\\/\\\/www.facebook.com\\\/samiedu\"]}]}<\/script>\n<!-- \/ Yoast SEO plugin. -->","yoast_head_json":{"title":"Henkil\u00f6st\u00f6n yhteystiedot - Samiedu","robots":{"index":"index","follow":"follow","max-snippet":"max-snippet:-1","max-image-preview":"max-image-preview:large","max-video-preview":"max-video-preview:-1"},"canonical":"https:\/\/samiedu.fi\/fi-s\/henkiloston-yhteystiedot\/","og_locale":"fi_FI","og_type":"article","og_title":"Henkil\u00f6st\u00f6n yhteystiedot - Samiedu","og_description":"Ket\u00e4 meist\u00e4 etsit? Henkil\u00f6st\u00f6mme puhelinnumerot l\u00f6yd\u00e4t t\u00e4lt\u00e4 sivulta. Henkil\u00f6st\u00f6mme s\u00e4hk\u00f6postit ovat muotoa etunimi.sukunimi@samiedu.fi.","og_url":"https:\/\/samiedu.fi\/fi-s\/henkiloston-yhteystiedot\/","og_site_name":"Samiedu","article_publisher":"https:\/\/www.facebook.com\/samiedu","article_modified_time":"2022-09-29T08:33:01+00:00","twitter_card":"summary_large_image","schema":{"@context":"https:\/\/schema.org","@graph":[{"@type":"WebPage","@id":"https:\/\/samiedu.fi\/fi-s\/henkiloston-yhteystiedot\/","url":"https:\/\/samiedu.fi\/fi-s\/henkiloston-yhteystiedot\/","name":"Henkil\u00f6st\u00f6n yhteystiedot - Samiedu","isPartOf":{"@id":"https:\/\/samiedu.fi\/fi-s\/#website"},"datePublished":"2020-04-20T09:41:47+00:00","dateModified":"2022-09-29T08:33:01+00:00","breadcrumb":{"@id":"https:\/\/samiedu.fi\/fi-s\/henkiloston-yhteystiedot\/#breadcrumb"},"inLanguage":"fi-selko","potentialAction":[{"@type":"ReadAction","target":["https:\/\/samiedu.fi\/fi-s\/henkiloston-yhteystiedot\/"]}]},{"@type":"BreadcrumbList","@id":"https:\/\/samiedu.fi\/fi-s\/henkiloston-yhteystiedot\/#breadcrumb","itemListElement":[{"@type":"ListItem","position":1,"name":"Etusivu","item":"https:\/\/samiedu.fi\/fi-s\/"},{"@type":"ListItem","position":2,"name":"Henkil\u00f6st\u00f6n yhteystiedot"}]},{"@type":"WebSite","@id":"https:\/\/samiedu.fi\/fi-s\/#website","url":"https:\/\/samiedu.fi\/fi-s\/","name":"Samiedu","description":"Ammattiopisto Samiedu","publisher":{"@id":"https:\/\/samiedu.fi\/fi-s\/#organization"},"potentialAction":[{"@type":"SearchAction","target":{"@type":"EntryPoint","urlTemplate":"https:\/\/samiedu.fi\/fi-s\/?s={search_term_string}"},"query-input":{"@type":"PropertyValueSpecification","valueRequired":true,"valueName":"search_term_string"}}],"inLanguage":"fi-selko"},{"@type":"Organization","@id":"https:\/\/samiedu.fi\/fi-s\/#organization","name":"Ammattiopisto Samiedu","url":"https:\/\/samiedu.fi\/fi-s\/","logo":{"@type":"ImageObject","inLanguage":"fi-selko","@id":"https:\/\/samiedu.fi\/fi-s\/#\/schema\/logo\/image\/","url":"","contentUrl":"","caption":"Ammattiopisto Samiedu"},"image":{"@id":"https:\/\/samiedu.fi\/fi-s\/#\/schema\/logo\/image\/"},"sameAs":["https:\/\/www.facebook.com\/samiedu"]}]}},"_links":{"self":[{"href":"https:\/\/samiedu.fi\/fi-s\/wp-json\/wp\/v2\/pages\/9213","targetHints":{"allow":["GET"]}}],"collection":[{"href":"https:\/\/samiedu.fi\/fi-s\/wp-json\/wp\/v2\/pages"}],"about":[{"href":"https:\/\/samiedu.fi\/fi-s\/wp-json\/wp\/v2\/types\/page"}],"author":[{"embeddable":true,"href":"https:\/\/samiedu.fi\/fi-s\/wp-json\/wp\/v2\/users\/1"}],"replies":[{"embeddable":true,"href":"https:\/\/samiedu.fi\/fi-s\/wp-json\/wp\/v2\/comments?post=9213"}],"version-history":[{"count":30,"href":"https:\/\/samiedu.fi\/fi-s\/wp-json\/wp\/v2\/pages\/9213\/revisions"}],"predecessor-version":[{"id":22080,"href":"https:\/\/samiedu.fi\/fi-s\/wp-json\/wp\/v2\/pages\/9213\/revisions\/22080"}],"wp:attachment":[{"href":"https:\/\/samiedu.fi\/fi-s\/wp-json\/wp\/v2\/media?parent=9213"}],"curies":[{"name":"wp","href":"https:\/\/api.w.org\/{rel}","templated":true}]}}