{"id":9247,"date":"2021-05-18T13:19:26","date_gmt":"2021-05-18T11:19:26","guid":{"rendered":"https:\/\/samiedu.fi\/\/ammattiopisto-samiedu\/"},"modified":"2024-09-04T14:37:15","modified_gmt":"2024-09-04T12:37:15","slug":"ammattiopisto-samiedu","status":"publish","type":"page","link":"https:\/\/samiedu.fi\/fi-s\/ammattiopisto-samiedu\/","title":{"rendered":"Ammattiopisto Samiedu"},"content":{"rendered":"\n<p>Samiedu on toisen asteen ammatillinen oppilaitos.<br>Samiedu sijaitsee Savonlinnassa.<br>Samiedu on niin hyv\u00e4 koulu,<br>ett\u00e4 se on saanut my\u00f6s palkintoja.<br>Samiedussa on ty\u00f6ss\u00e4 noin 200 henkil\u00f6\u00e4.<\/p>\n\n\n\n<h3 class=\"wp-block-heading\">Sijainti<\/h3>\n\n\n\n<p>Samiedun omistaa Savonlinna<br>ja viisi sen naapurikuntaa.<br>Savonlinna on kaunis pikkukaupunki,<br>joka on j\u00e4rvien keskell\u00e4.<br>Alueen ihmisi\u00e4 ty\u00f6llist\u00e4v\u00e4t matkailu,<br>palveluala ja teollisuus.<br>Savonlinna tunnetaan Oopperajuhlista,<br>jotka j\u00e4rjestet\u00e4\u00e4n vanhassa linnassa.<\/p>\n\n\n\n<h3 class=\"wp-block-heading\">Koulutus<\/h3>\n\n\n\n<p>Samiedussa on noin 2 000 opiskelijaa,<br>jotka ovat hyvin eri ik\u00e4isi\u00e4.<br>Suurin osa opiskelijoista on Savonlinnan l\u00e4helt\u00e4,<br>mutta heit\u00e4 on my\u00f6s muualta Suomesta. &nbsp;<br>Samiedussa voit opiskella<br>peruskoulun j\u00e4lkeen<br>ammatillisen perustutkinnon.<br>Aikuisille tarjolla on<br>ammatillinen peruskoulutus,<br>ammattitutkinto<br>tai oppisopimuskoulutus.<\/p>\n\n\n\n<p>Samiedussa voit opiskella n\u00e4ill\u00e4 aloilla:<\/p>\n\n\n\n<ul class=\"wp-block-list\">\n<li>Terveys ja hyvinvointi<\/li>\n\n\n\n<li>Liiketoiminta ja palvelut<\/li>\n\n\n\n<li>Teknologia ja mets\u00e4ala<\/li>\n<\/ul>\n\n\n\n<p>Suomessa ammatillinen koulutus on<br>eri taitojen oppimista koulussa tai ty\u00f6paikoilla.<br>Koulutuksen kesto riippuu opiskelijan omasta<br>henkil\u00f6kohtaisesta opiskelusuunnitelmasta.<br>Teet sen heti opintojen alussa<br>ja sit\u00e4 voidaan muuttaa tarvittaessa.<br>Opintoihin kuuluu my\u00f6s ty\u00f6harjoittelua.<br>Ammatillisen tutkinnon j\u00e4lkeen<br>voi tehd\u00e4 ty\u00f6t\u00e4 tai jatkaa opiskelua.<\/p>\n\n\n\n<p>Samiedu tarjoaa my\u00f6s lyhyit\u00e4 koulutuksia.<br>Ty\u00f6paikan saamista varten voit tarvita<br>esimerkiksi ty\u00f6turvallisuuskortin,<br>jotta osaat toimia oikein.<br>Voit saada koulutusta my\u00f6s esimerkiksi<br>ensiapuun, vaarallisten aineiden k\u00e4sittelyyn,<br>tietokoneen k\u00e4ytt\u00e4miseen tai<br>lis\u00e4koulutusta omalla alallasi.<\/p>\n","protected":false},"excerpt":{"rendered":"<p>Samiedu on toisen asteen ammatillinen oppilaitos.Samiedu sijaitsee Savonlinnassa.Samiedu on niin hyv\u00e4 koulu,ett\u00e4 se on saanut my\u00f6s palkintoja.Samiedussa on ty\u00f6ss\u00e4 noin 200 henkil\u00f6\u00e4. Sijainti Samiedun omistaa Savonlinnaja viisi sen naapurikuntaa.Savonlinna on kaunis pikkukaupunki,joka on j\u00e4rvien keskell\u00e4.Alueen ihmisi\u00e4 ty\u00f6llist\u00e4v\u00e4t matkailu,palveluala ja teollisuus.Savonlinna tunnetaan Oopperajuhlista,jotka j\u00e4rjestet\u00e4\u00e4n vanhassa linnassa. Koulutus Samiedussa on noin 2 000 opiskelijaa,jotka ovat hyvin eri [&hellip;]<\/p>\n","protected":false},"author":1,"featured_media":0,"parent":0,"menu_order":0,"comment_status":"closed","ping_status":"closed","template":"landing-page-template.php","meta":{"_acf_changed":false,"footnotes":""},"class_list":["post-9247","page","type-page","status-publish","hentry"],"acf":[],"yoast_head":"<!-- This site is optimized with the Yoast SEO plugin v27.3 - https:\/\/yoast.com\/product\/yoast-seo-wordpress\/ -->\n<title>Ammattiopisto Samiedu - Samiedu<\/title>\n<meta name=\"robots\" content=\"index, follow, max-snippet:-1, max-image-preview:large, max-video-preview:-1\" \/>\n<link rel=\"canonical\" href=\"https:\/\/samiedu.fi\/fi-s\/ammattiopisto-samiedu\/\" \/>\n<meta property=\"og:locale\" content=\"fi_FI\" \/>\n<meta property=\"og:type\" content=\"article\" \/>\n<meta property=\"og:title\" content=\"Ammattiopisto Samiedu - Samiedu\" \/>\n<meta property=\"og:description\" content=\"Samiedu on toisen asteen ammatillinen oppilaitos.Samiedu sijaitsee Savonlinnassa.Samiedu on niin hyv\u00e4 koulu,ett\u00e4 se on saanut my\u00f6s palkintoja.Samiedussa on ty\u00f6ss\u00e4 noin 200 henkil\u00f6\u00e4. Sijainti Samiedun omistaa Savonlinnaja viisi sen naapurikuntaa.Savonlinna on kaunis pikkukaupunki,joka on j\u00e4rvien keskell\u00e4.Alueen ihmisi\u00e4 ty\u00f6llist\u00e4v\u00e4t matkailu,palveluala ja teollisuus.Savonlinna tunnetaan Oopperajuhlista,jotka j\u00e4rjestet\u00e4\u00e4n vanhassa linnassa. Koulutus Samiedussa on noin 2 000 opiskelijaa,jotka ovat hyvin eri [&hellip;]\" \/>\n<meta property=\"og:url\" content=\"https:\/\/samiedu.fi\/fi-s\/ammattiopisto-samiedu\/\" \/>\n<meta property=\"og:site_name\" content=\"Samiedu\" \/>\n<meta property=\"article:publisher\" content=\"https:\/\/www.facebook.com\/samiedu\" \/>\n<meta property=\"article:modified_time\" content=\"2024-09-04T12:37:15+00:00\" \/>\n<meta name=\"twitter:card\" content=\"summary_large_image\" \/>\n<meta name=\"twitter:label1\" content=\"Est. reading time\" \/>\n\t<meta name=\"twitter:data1\" content=\"2 minutes\" \/>\n<script type=\"application\/ld+json\" class=\"yoast-schema-graph\">{\"@context\":\"https:\\\/\\\/schema.org\",\"@graph\":[{\"@type\":\"WebPage\",\"@id\":\"https:\\\/\\\/samiedu.fi\\\/fi-s\\\/ammattiopisto-samiedu\\\/\",\"url\":\"https:\\\/\\\/samiedu.fi\\\/fi-s\\\/ammattiopisto-samiedu\\\/\",\"name\":\"Ammattiopisto Samiedu - Samiedu\",\"isPartOf\":{\"@id\":\"https:\\\/\\\/samiedu.fi\\\/fi-s\\\/#website\"},\"datePublished\":\"2021-05-18T11:19:26+00:00\",\"dateModified\":\"2024-09-04T12:37:15+00:00\",\"breadcrumb\":{\"@id\":\"https:\\\/\\\/samiedu.fi\\\/fi-s\\\/ammattiopisto-samiedu\\\/#breadcrumb\"},\"inLanguage\":\"fi-selko\",\"potentialAction\":[{\"@type\":\"ReadAction\",\"target\":[\"https:\\\/\\\/samiedu.fi\\\/fi-s\\\/ammattiopisto-samiedu\\\/\"]}]},{\"@type\":\"BreadcrumbList\",\"@id\":\"https:\\\/\\\/samiedu.fi\\\/fi-s\\\/ammattiopisto-samiedu\\\/#breadcrumb\",\"itemListElement\":[{\"@type\":\"ListItem\",\"position\":1,\"name\":\"Etusivu\",\"item\":\"https:\\\/\\\/samiedu.fi\\\/fi-s\\\/\"},{\"@type\":\"ListItem\",\"position\":2,\"name\":\"Ammattiopisto Samiedu\"}]},{\"@type\":\"WebSite\",\"@id\":\"https:\\\/\\\/samiedu.fi\\\/fi-s\\\/#website\",\"url\":\"https:\\\/\\\/samiedu.fi\\\/fi-s\\\/\",\"name\":\"Samiedu\",\"description\":\"Ammattiopisto Samiedu\",\"publisher\":{\"@id\":\"https:\\\/\\\/samiedu.fi\\\/fi-s\\\/#organization\"},\"potentialAction\":[{\"@type\":\"SearchAction\",\"target\":{\"@type\":\"EntryPoint\",\"urlTemplate\":\"https:\\\/\\\/samiedu.fi\\\/fi-s\\\/?s={search_term_string}\"},\"query-input\":{\"@type\":\"PropertyValueSpecification\",\"valueRequired\":true,\"valueName\":\"search_term_string\"}}],\"inLanguage\":\"fi-selko\"},{\"@type\":\"Organization\",\"@id\":\"https:\\\/\\\/samiedu.fi\\\/fi-s\\\/#organization\",\"name\":\"Ammattiopisto Samiedu\",\"url\":\"https:\\\/\\\/samiedu.fi\\\/fi-s\\\/\",\"logo\":{\"@type\":\"ImageObject\",\"inLanguage\":\"fi-selko\",\"@id\":\"https:\\\/\\\/samiedu.fi\\\/fi-s\\\/#\\\/schema\\\/logo\\\/image\\\/\",\"url\":\"\",\"contentUrl\":\"\",\"caption\":\"Ammattiopisto Samiedu\"},\"image\":{\"@id\":\"https:\\\/\\\/samiedu.fi\\\/fi-s\\\/#\\\/schema\\\/logo\\\/image\\\/\"},\"sameAs\":[\"https:\\\/\\\/www.facebook.com\\\/samiedu\"]}]}<\/script>\n<!-- \/ Yoast SEO plugin. -->","yoast_head_json":{"title":"Ammattiopisto Samiedu - Samiedu","robots":{"index":"index","follow":"follow","max-snippet":"max-snippet:-1","max-image-preview":"max-image-preview:large","max-video-preview":"max-video-preview:-1"},"canonical":"https:\/\/samiedu.fi\/fi-s\/ammattiopisto-samiedu\/","og_locale":"fi_FI","og_type":"article","og_title":"Ammattiopisto Samiedu - Samiedu","og_description":"Samiedu on toisen asteen ammatillinen oppilaitos.Samiedu sijaitsee Savonlinnassa.Samiedu on niin hyv\u00e4 koulu,ett\u00e4 se on saanut my\u00f6s palkintoja.Samiedussa on ty\u00f6ss\u00e4 noin 200 henkil\u00f6\u00e4. Sijainti Samiedun omistaa Savonlinnaja viisi sen naapurikuntaa.Savonlinna on kaunis pikkukaupunki,joka on j\u00e4rvien keskell\u00e4.Alueen ihmisi\u00e4 ty\u00f6llist\u00e4v\u00e4t matkailu,palveluala ja teollisuus.Savonlinna tunnetaan Oopperajuhlista,jotka j\u00e4rjestet\u00e4\u00e4n vanhassa linnassa. Koulutus Samiedussa on noin 2 000 opiskelijaa,jotka ovat hyvin eri [&hellip;]","og_url":"https:\/\/samiedu.fi\/fi-s\/ammattiopisto-samiedu\/","og_site_name":"Samiedu","article_publisher":"https:\/\/www.facebook.com\/samiedu","article_modified_time":"2024-09-04T12:37:15+00:00","twitter_card":"summary_large_image","twitter_misc":{"Est. reading time":"2 minutes"},"schema":{"@context":"https:\/\/schema.org","@graph":[{"@type":"WebPage","@id":"https:\/\/samiedu.fi\/fi-s\/ammattiopisto-samiedu\/","url":"https:\/\/samiedu.fi\/fi-s\/ammattiopisto-samiedu\/","name":"Ammattiopisto Samiedu - Samiedu","isPartOf":{"@id":"https:\/\/samiedu.fi\/fi-s\/#website"},"datePublished":"2021-05-18T11:19:26+00:00","dateModified":"2024-09-04T12:37:15+00:00","breadcrumb":{"@id":"https:\/\/samiedu.fi\/fi-s\/ammattiopisto-samiedu\/#breadcrumb"},"inLanguage":"fi-selko","potentialAction":[{"@type":"ReadAction","target":["https:\/\/samiedu.fi\/fi-s\/ammattiopisto-samiedu\/"]}]},{"@type":"BreadcrumbList","@id":"https:\/\/samiedu.fi\/fi-s\/ammattiopisto-samiedu\/#breadcrumb","itemListElement":[{"@type":"ListItem","position":1,"name":"Etusivu","item":"https:\/\/samiedu.fi\/fi-s\/"},{"@type":"ListItem","position":2,"name":"Ammattiopisto Samiedu"}]},{"@type":"WebSite","@id":"https:\/\/samiedu.fi\/fi-s\/#website","url":"https:\/\/samiedu.fi\/fi-s\/","name":"Samiedu","description":"Ammattiopisto Samiedu","publisher":{"@id":"https:\/\/samiedu.fi\/fi-s\/#organization"},"potentialAction":[{"@type":"SearchAction","target":{"@type":"EntryPoint","urlTemplate":"https:\/\/samiedu.fi\/fi-s\/?s={search_term_string}"},"query-input":{"@type":"PropertyValueSpecification","valueRequired":true,"valueName":"search_term_string"}}],"inLanguage":"fi-selko"},{"@type":"Organization","@id":"https:\/\/samiedu.fi\/fi-s\/#organization","name":"Ammattiopisto Samiedu","url":"https:\/\/samiedu.fi\/fi-s\/","logo":{"@type":"ImageObject","inLanguage":"fi-selko","@id":"https:\/\/samiedu.fi\/fi-s\/#\/schema\/logo\/image\/","url":"","contentUrl":"","caption":"Ammattiopisto Samiedu"},"image":{"@id":"https:\/\/samiedu.fi\/fi-s\/#\/schema\/logo\/image\/"},"sameAs":["https:\/\/www.facebook.com\/samiedu"]}]}},"_links":{"self":[{"href":"https:\/\/samiedu.fi\/fi-s\/wp-json\/wp\/v2\/pages\/9247","targetHints":{"allow":["GET"]}}],"collection":[{"href":"https:\/\/samiedu.fi\/fi-s\/wp-json\/wp\/v2\/pages"}],"about":[{"href":"https:\/\/samiedu.fi\/fi-s\/wp-json\/wp\/v2\/types\/page"}],"author":[{"embeddable":true,"href":"https:\/\/samiedu.fi\/fi-s\/wp-json\/wp\/v2\/users\/1"}],"replies":[{"embeddable":true,"href":"https:\/\/samiedu.fi\/fi-s\/wp-json\/wp\/v2\/comments?post=9247"}],"version-history":[{"count":11,"href":"https:\/\/samiedu.fi\/fi-s\/wp-json\/wp\/v2\/pages\/9247\/revisions"}],"predecessor-version":[{"id":37624,"href":"https:\/\/samiedu.fi\/fi-s\/wp-json\/wp\/v2\/pages\/9247\/revisions\/37624"}],"wp:attachment":[{"href":"https:\/\/samiedu.fi\/fi-s\/wp-json\/wp\/v2\/media?parent=9247"}],"curies":[{"name":"wp","href":"https:\/\/api.w.org\/{rel}","templated":true}]}}