{"id":9255,"date":"2020-05-20T09:47:45","date_gmt":"2020-05-20T07:47:45","guid":{"rendered":"https:\/\/samiedu.fi\/\/jatkovaylaopinnot\/"},"modified":"2026-01-19T15:07:47","modified_gmt":"2026-01-19T13:07:47","slug":"vaylaopinnot","status":"publish","type":"page","link":"https:\/\/samiedu.fi\/fi-s\/vaylaopinnot\/","title":{"rendered":"V\u00e4yl\u00e4opinnot"},"content":{"rendered":"\n<h1 class=\"wp-block-heading\">V\u00e4yl\u00e4opinnot ovat ohituskaista jatko-opintoihin<\/h1>\n\n\n\n<p>T\u00e4ht\u00e4\u00e4tk\u00f6 ammatillisten opintojen j\u00e4lkeen jatko-opintoihin, vaikkapa insin\u00f6\u00f6riksi, tradenomiksi, restonomiksi, fysioterapeutiksi tai sairaanhoitajaksi? V\u00e4yl\u00e4opinnot ovat silloin sinua varten. <\/p>\n\n\n\n<p>Voit tehd\u00e4 oman alaasi liittyvi\u00e4 v\u00e4yl\u00e4opintoja ammattikorkeakoulussa jo samalla kun suoritat meill\u00e4 ammatillista tutkintoasi. Se nopeuttaa tulevaa opiskeluasi ammattikorkeakoulussa. V\u00e4yl\u00e4opinnot Kaakkois-Suomen ammattikorkeakoulu Xamkissa ovat <strong>avoimia ja maksuttomia<\/strong> kaikille Samiedun opiskelijoille. Voit suorittaa niit\u00e4 miss\u00e4 vaiheessa opintojasi vaan, silloin kun sinulle parhaiten sopii.<\/p>\n\n\n\n<p>V\u00e4yl\u00e4opintojen laajuus on alasta riippuen 20-21 opintopistett\u00e4. Jokaiselle alalle on m\u00e4\u00e4ritelty opintojaksot, jotka suorittamalla saat avoimen v\u00e4yl\u00e4n erillishakukelpoisuuden Xamkiin. Kyseisten opintojen tulee n\u00e4ky\u00e4 osana ammatillista tutkintoasi (valinnainen tutkinnon osa).\u00a0Kun olet valmistunut Samiedusta, voit hakea Xamkiin varsinaiseksi tutkinto-opiskelijaksi.\u00a0<\/p>\n\n\n\n<p><a href=\"https:\/\/koulutuskalenteri.xamk.fi\/koulutus\/avoin-amk\/vaylaopinnot-ammattiin-opiskeleville\/\">Lue lis\u00e4\u00e4 v\u00e4yl\u00e4opinnoista\u00a0Kaakkois-Suomen ammattikorkeakoulun, Xamkin sivuilta<\/a> ja<a href=\"https:\/\/www.xamk.fi\/koulutuskalenteri\/\"> tutustu Xamkin koulutuskalenteriin.<\/a><\/p>\n\n\n\n<p><a href=\"https:\/\/www.youtube.com\/watch?v=hl9_IfI7oRs&amp;feature=youtu.be\">Katso video Xamkin kampustapahtumasta.<\/a><\/p>\n\n\n\n<p><strong>N\u00e4in hy\u00f6dyt v\u00e4yl\u00e4opinnoista:<\/strong><\/p>\n\n\n\n<ul class=\"wp-block-list\">\n<li>saat erillishakukelpoisuuden Xamkiin<\/li>\n\n\n\n<li>opinnot lyhent\u00e4v\u00e4t opiskeluaikaa sek\u00e4 Samiedussa ett\u00e4 Xamkissa. Voit p\u00e4\u00e4st\u00e4 tavoiteammattiin jopa vuoden normaalia nopeammassa ajassa.<\/li>\n\n\n\n<li>opintoja voi hy\u00f6dynt\u00e4\u00e4 my\u00f6s muissa korkeakouluissa<\/li>\n<\/ul>\n\n\n\n<hr class=\"wp-block-separator has-css-opacity is-style-wide\"\/>\n\n\n\n<p>Mit\u00e4 ovat v\u00e4yl\u00e4opinnot? Mit\u00e4 hy\u00f6ty\u00e4 niist\u00e4 on? Mit\u00e4 voi opiskella v\u00e4yl\u00e4opintoina? Ovatko ne vaikeita? Mist\u00e4 l\u00e4hte\u00e4 liikkeelle? N\u00e4ihin kysymyksiin saat vastauksen alla olevalta videolta, joka esittelee Samiedun ja Xamkin yhteisty\u00f6t\u00e4.&nbsp;<\/p>\n\n\n\n<figure class=\"wp-block-embed is-type-video is-provider-youtube wp-block-embed-youtube wp-embed-aspect-16-9 wp-has-aspect-ratio\"><div class=\"wp-block-embed__wrapper\">\n<iframe loading=\"lazy\" title=\"V\u00e4yl\u00e4st\u00e4 vauhtia! - v\u00e4yl\u00e4opintojen esittely\" width=\"1170\" height=\"658\" src=\"https:\/\/www.youtube.com\/embed\/8L1GElqLaCQ?feature=oembed\" frameborder=\"0\" allow=\"accelerometer; autoplay; clipboard-write; encrypted-media; gyroscope; picture-in-picture; web-share\" referrerpolicy=\"strict-origin-when-cross-origin\" allowfullscreen><\/iframe>\n<\/div><\/figure>\n\n\n\n<hr class=\"wp-block-separator has-css-opacity is-style-wide\"\/>\n\n\n\n<h3 class=\"wp-block-heading\">Avoimet yliopisto- ja amk-opinnot ovat avoimia my\u00f6s sinulle<\/h3>\n\n\n\n<p>Voit suorittaa my\u00f6s avoimen ammattikorkeakoulun opintoja osana ammatillisia opintojasi. Samiedun tutkinto-opiskelijana voit opiskella maksuttomasti mit\u00e4 tahansa Xamkin avoimen AMK:n opintoja. Opintojaksot voivat olla verkko-opintoja tai l\u00e4hiopetusta. Opinnot voidaan hyv\u00e4ksi lukea ammatilliseen tutkintoosi.<\/p>\n\n\n\n<p><a href=\"https:\/\/www.xamk.fi\/koulutuskalenteri\/\">Tutustu Xamkin avoimen AMK:n koulutustarjontaan Xamkin verkkosivuilla.<\/a><\/p>\n\n\n\n<p>Samiedun tutkinto-opiskelijana sinulla on k\u00e4yt\u00f6ss\u00e4si maksuttomasti my\u00f6s It\u00e4-Suomen yliopiston (UEF) avoimen yliopiston koko opetustarjonta. Tarjolla on yliopisto-opetusta l\u00e4hes kaikilta UEFin tieteenaloilta aina tietojenk\u00e4sittelyst\u00e4 johtamiseen ja ravitsemustieteisiin. Suurin osa opinnoista on verkko- tai monimuoto-opintoja, joten opiskelu onnistuu monilla opintojaksoilla ajasta ja paikasta riippumatta.<\/p>\n\n\n\n<p><a href=\"https:\/\/www.uef.fi\/fi\/yhteistyo-lukioiden-ja-toisen-asteen-oppilaitosten-kanssa\">Tutustu\u00a0It\u00e4-Suomen yliopiston opetustarjontaan UEF:n verkkosivuilla.<\/a><\/p>\n\n\n\n<hr class=\"wp-block-separator has-css-opacity is-style-wide\"\/>\n\n\n\n<h3 class=\"wp-block-heading\">Kukaan meist\u00e4 ei ole samanlainen<\/h3>\n\n\n\n<p>Meill\u00e4 jokainen opiskelija kulkee kohti omia tavoitteitaan pitkin yksil\u00f6llist\u00e4 reitti\u00e4\u00e4n, joka koostuu omista valinnoistasi.<\/p>\n\n\n\n<p><strong>Voit liitt\u00e4\u00e4 tutkintoosi<\/strong><\/p>\n\n\n\n<ul class=\"wp-block-list\">\n<li>tutkinnon osia toisista ammatillisista tutkinnoista<\/li>\n\n\n\n<li>v\u00e4yl\u00e4opintoja ammattikorkeakoulusta<\/li>\n\n\n\n<li>lukio-opintoja<\/li>\n<\/ul>\n\n\n\n<p><strong>Voit opiskella<\/strong><\/p>\n\n\n\n<ul class=\"wp-block-list\">\n<li>paikan p\u00e4\u00e4ll\u00e4<\/li>\n\n\n\n<li>verkossa<\/li>\n\n\n\n<li>ty\u00f6el\u00e4m\u00e4ss\u00e4<\/li>\n\n\n\n<li>pajoissa<\/li>\n\n\n\n<li>simulaattoreissa<\/li>\n<\/ul>\n\n\n\n<p><strong>Voit painottaa opinnoissasi<\/strong><\/p>\n\n\n\n<ul class=\"wp-block-list\">\n<li>kansainv\u00e4lisyytt\u00e4<\/li>\n\n\n\n<li>kilpaurheilua<\/li>\n\n\n\n<li>yritt\u00e4jyytt\u00e4<\/li>\n<\/ul>\n","protected":false},"excerpt":{"rendered":"<p>V\u00e4yl\u00e4opinnot ovat ohituskaista jatko-opintoihin T\u00e4ht\u00e4\u00e4tk\u00f6 ammatillisten opintojen j\u00e4lkeen jatko-opintoihin, vaikkapa insin\u00f6\u00f6riksi, tradenomiksi, restonomiksi, fysioterapeutiksi tai sairaanhoitajaksi? V\u00e4yl\u00e4opinnot ovat silloin sinua varten. Voit tehd\u00e4 oman alaasi liittyvi\u00e4 v\u00e4yl\u00e4opintoja ammattikorkeakoulussa jo samalla kun suoritat meill\u00e4 ammatillista tutkintoasi. Se nopeuttaa tulevaa opiskeluasi ammattikorkeakoulussa. V\u00e4yl\u00e4opinnot Kaakkois-Suomen ammattikorkeakoulu Xamkissa ovat avoimia ja maksuttomia kaikille Samiedun opiskelijoille. Voit suorittaa niit\u00e4 miss\u00e4 [&hellip;]<\/p>\n","protected":false},"author":2,"featured_media":0,"parent":0,"menu_order":0,"comment_status":"closed","ping_status":"closed","template":"subpage-template.php","meta":{"_acf_changed":false,"footnotes":""},"class_list":["post-9255","page","type-page","status-publish","hentry"],"acf":[],"yoast_head":"<!-- This site is optimized with the Yoast SEO plugin v27.3 - https:\/\/yoast.com\/product\/yoast-seo-wordpress\/ -->\n<title>V\u00e4yl\u00e4opinnot - Samiedu<\/title>\n<meta name=\"robots\" content=\"index, follow, max-snippet:-1, max-image-preview:large, max-video-preview:-1\" \/>\n<link rel=\"canonical\" href=\"https:\/\/samiedu.fi\/fi-s\/vaylaopinnot\/\" \/>\n<meta property=\"og:locale\" content=\"fi_FI\" \/>\n<meta property=\"og:type\" content=\"article\" \/>\n<meta property=\"og:title\" content=\"V\u00e4yl\u00e4opinnot - Samiedu\" \/>\n<meta property=\"og:description\" content=\"V\u00e4yl\u00e4opinnot ovat ohituskaista jatko-opintoihin T\u00e4ht\u00e4\u00e4tk\u00f6 ammatillisten opintojen j\u00e4lkeen jatko-opintoihin, vaikkapa insin\u00f6\u00f6riksi, tradenomiksi, restonomiksi, fysioterapeutiksi tai sairaanhoitajaksi? V\u00e4yl\u00e4opinnot ovat silloin sinua varten. Voit tehd\u00e4 oman alaasi liittyvi\u00e4 v\u00e4yl\u00e4opintoja ammattikorkeakoulussa jo samalla kun suoritat meill\u00e4 ammatillista tutkintoasi. Se nopeuttaa tulevaa opiskeluasi ammattikorkeakoulussa. V\u00e4yl\u00e4opinnot Kaakkois-Suomen ammattikorkeakoulu Xamkissa ovat avoimia ja maksuttomia kaikille Samiedun opiskelijoille. Voit suorittaa niit\u00e4 miss\u00e4 [&hellip;]\" \/>\n<meta property=\"og:url\" content=\"https:\/\/samiedu.fi\/fi-s\/vaylaopinnot\/\" \/>\n<meta property=\"og:site_name\" content=\"Samiedu\" \/>\n<meta property=\"article:publisher\" content=\"https:\/\/www.facebook.com\/samiedu\" \/>\n<meta property=\"article:modified_time\" content=\"2026-01-19T13:07:47+00:00\" \/>\n<meta property=\"og:image\" content=\"https:\/\/samiedu.fi\/wp-content\/uploads\/2020\/10\/dsc5480-edit-2_nelio.jpg\" \/>\n<meta name=\"twitter:card\" content=\"summary_large_image\" \/>\n<meta name=\"twitter:label1\" content=\"Est. reading time\" \/>\n\t<meta name=\"twitter:data1\" content=\"2 minutes\" \/>\n<script type=\"application\/ld+json\" class=\"yoast-schema-graph\">{\"@context\":\"https:\\\/\\\/schema.org\",\"@graph\":[{\"@type\":\"WebPage\",\"@id\":\"https:\\\/\\\/samiedu.fi\\\/fi-s\\\/vaylaopinnot\\\/\",\"url\":\"https:\\\/\\\/samiedu.fi\\\/fi-s\\\/vaylaopinnot\\\/\",\"name\":\"V\u00e4yl\u00e4opinnot - Samiedu\",\"isPartOf\":{\"@id\":\"https:\\\/\\\/samiedu.fi\\\/fi-s\\\/#website\"},\"datePublished\":\"2020-05-20T07:47:45+00:00\",\"dateModified\":\"2026-01-19T13:07:47+00:00\",\"breadcrumb\":{\"@id\":\"https:\\\/\\\/samiedu.fi\\\/fi-s\\\/vaylaopinnot\\\/#breadcrumb\"},\"inLanguage\":\"fi-selko\",\"potentialAction\":[{\"@type\":\"ReadAction\",\"target\":[\"https:\\\/\\\/samiedu.fi\\\/fi-s\\\/vaylaopinnot\\\/\"]}]},{\"@type\":\"BreadcrumbList\",\"@id\":\"https:\\\/\\\/samiedu.fi\\\/fi-s\\\/vaylaopinnot\\\/#breadcrumb\",\"itemListElement\":[{\"@type\":\"ListItem\",\"position\":1,\"name\":\"Etusivu\",\"item\":\"https:\\\/\\\/samiedu.fi\\\/fi-s\\\/\"},{\"@type\":\"ListItem\",\"position\":2,\"name\":\"V\u00e4yl\u00e4opinnot\"}]},{\"@type\":\"WebSite\",\"@id\":\"https:\\\/\\\/samiedu.fi\\\/fi-s\\\/#website\",\"url\":\"https:\\\/\\\/samiedu.fi\\\/fi-s\\\/\",\"name\":\"Samiedu\",\"description\":\"Ammattiopisto Samiedu\",\"publisher\":{\"@id\":\"https:\\\/\\\/samiedu.fi\\\/fi-s\\\/#organization\"},\"potentialAction\":[{\"@type\":\"SearchAction\",\"target\":{\"@type\":\"EntryPoint\",\"urlTemplate\":\"https:\\\/\\\/samiedu.fi\\\/fi-s\\\/?s={search_term_string}\"},\"query-input\":{\"@type\":\"PropertyValueSpecification\",\"valueRequired\":true,\"valueName\":\"search_term_string\"}}],\"inLanguage\":\"fi-selko\"},{\"@type\":\"Organization\",\"@id\":\"https:\\\/\\\/samiedu.fi\\\/fi-s\\\/#organization\",\"name\":\"Ammattiopisto Samiedu\",\"url\":\"https:\\\/\\\/samiedu.fi\\\/fi-s\\\/\",\"logo\":{\"@type\":\"ImageObject\",\"inLanguage\":\"fi-selko\",\"@id\":\"https:\\\/\\\/samiedu.fi\\\/fi-s\\\/#\\\/schema\\\/logo\\\/image\\\/\",\"url\":\"\",\"contentUrl\":\"\",\"caption\":\"Ammattiopisto Samiedu\"},\"image\":{\"@id\":\"https:\\\/\\\/samiedu.fi\\\/fi-s\\\/#\\\/schema\\\/logo\\\/image\\\/\"},\"sameAs\":[\"https:\\\/\\\/www.facebook.com\\\/samiedu\"]}]}<\/script>\n<!-- \/ Yoast SEO plugin. -->","yoast_head_json":{"title":"V\u00e4yl\u00e4opinnot - Samiedu","robots":{"index":"index","follow":"follow","max-snippet":"max-snippet:-1","max-image-preview":"max-image-preview:large","max-video-preview":"max-video-preview:-1"},"canonical":"https:\/\/samiedu.fi\/fi-s\/vaylaopinnot\/","og_locale":"fi_FI","og_type":"article","og_title":"V\u00e4yl\u00e4opinnot - Samiedu","og_description":"V\u00e4yl\u00e4opinnot ovat ohituskaista jatko-opintoihin T\u00e4ht\u00e4\u00e4tk\u00f6 ammatillisten opintojen j\u00e4lkeen jatko-opintoihin, vaikkapa insin\u00f6\u00f6riksi, tradenomiksi, restonomiksi, fysioterapeutiksi tai sairaanhoitajaksi? V\u00e4yl\u00e4opinnot ovat silloin sinua varten. Voit tehd\u00e4 oman alaasi liittyvi\u00e4 v\u00e4yl\u00e4opintoja ammattikorkeakoulussa jo samalla kun suoritat meill\u00e4 ammatillista tutkintoasi. Se nopeuttaa tulevaa opiskeluasi ammattikorkeakoulussa. V\u00e4yl\u00e4opinnot Kaakkois-Suomen ammattikorkeakoulu Xamkissa ovat avoimia ja maksuttomia kaikille Samiedun opiskelijoille. Voit suorittaa niit\u00e4 miss\u00e4 [&hellip;]","og_url":"https:\/\/samiedu.fi\/fi-s\/vaylaopinnot\/","og_site_name":"Samiedu","article_publisher":"https:\/\/www.facebook.com\/samiedu","article_modified_time":"2026-01-19T13:07:47+00:00","og_image":[{"url":"https:\/\/samiedu.fi\/wp-content\/uploads\/2020\/10\/dsc5480-edit-2_nelio.jpg","type":"","width":"","height":""}],"twitter_card":"summary_large_image","twitter_misc":{"Est. reading time":"2 minutes"},"schema":{"@context":"https:\/\/schema.org","@graph":[{"@type":"WebPage","@id":"https:\/\/samiedu.fi\/fi-s\/vaylaopinnot\/","url":"https:\/\/samiedu.fi\/fi-s\/vaylaopinnot\/","name":"V\u00e4yl\u00e4opinnot - Samiedu","isPartOf":{"@id":"https:\/\/samiedu.fi\/fi-s\/#website"},"datePublished":"2020-05-20T07:47:45+00:00","dateModified":"2026-01-19T13:07:47+00:00","breadcrumb":{"@id":"https:\/\/samiedu.fi\/fi-s\/vaylaopinnot\/#breadcrumb"},"inLanguage":"fi-selko","potentialAction":[{"@type":"ReadAction","target":["https:\/\/samiedu.fi\/fi-s\/vaylaopinnot\/"]}]},{"@type":"BreadcrumbList","@id":"https:\/\/samiedu.fi\/fi-s\/vaylaopinnot\/#breadcrumb","itemListElement":[{"@type":"ListItem","position":1,"name":"Etusivu","item":"https:\/\/samiedu.fi\/fi-s\/"},{"@type":"ListItem","position":2,"name":"V\u00e4yl\u00e4opinnot"}]},{"@type":"WebSite","@id":"https:\/\/samiedu.fi\/fi-s\/#website","url":"https:\/\/samiedu.fi\/fi-s\/","name":"Samiedu","description":"Ammattiopisto Samiedu","publisher":{"@id":"https:\/\/samiedu.fi\/fi-s\/#organization"},"potentialAction":[{"@type":"SearchAction","target":{"@type":"EntryPoint","urlTemplate":"https:\/\/samiedu.fi\/fi-s\/?s={search_term_string}"},"query-input":{"@type":"PropertyValueSpecification","valueRequired":true,"valueName":"search_term_string"}}],"inLanguage":"fi-selko"},{"@type":"Organization","@id":"https:\/\/samiedu.fi\/fi-s\/#organization","name":"Ammattiopisto Samiedu","url":"https:\/\/samiedu.fi\/fi-s\/","logo":{"@type":"ImageObject","inLanguage":"fi-selko","@id":"https:\/\/samiedu.fi\/fi-s\/#\/schema\/logo\/image\/","url":"","contentUrl":"","caption":"Ammattiopisto Samiedu"},"image":{"@id":"https:\/\/samiedu.fi\/fi-s\/#\/schema\/logo\/image\/"},"sameAs":["https:\/\/www.facebook.com\/samiedu"]}]}},"_links":{"self":[{"href":"https:\/\/samiedu.fi\/fi-s\/wp-json\/wp\/v2\/pages\/9255","targetHints":{"allow":["GET"]}}],"collection":[{"href":"https:\/\/samiedu.fi\/fi-s\/wp-json\/wp\/v2\/pages"}],"about":[{"href":"https:\/\/samiedu.fi\/fi-s\/wp-json\/wp\/v2\/types\/page"}],"author":[{"embeddable":true,"href":"https:\/\/samiedu.fi\/fi-s\/wp-json\/wp\/v2\/users\/2"}],"replies":[{"embeddable":true,"href":"https:\/\/samiedu.fi\/fi-s\/wp-json\/wp\/v2\/comments?post=9255"}],"version-history":[{"count":20,"href":"https:\/\/samiedu.fi\/fi-s\/wp-json\/wp\/v2\/pages\/9255\/revisions"}],"predecessor-version":[{"id":42886,"href":"https:\/\/samiedu.fi\/fi-s\/wp-json\/wp\/v2\/pages\/9255\/revisions\/42886"}],"wp:attachment":[{"href":"https:\/\/samiedu.fi\/fi-s\/wp-json\/wp\/v2\/media?parent=9255"}],"curies":[{"name":"wp","href":"https:\/\/api.w.org\/{rel}","templated":true}]}}