{"id":9257,"date":"2020-05-20T10:04:08","date_gmt":"2020-05-20T08:04:08","guid":{"rendered":"https:\/\/samiedu.fi\/\/opiskelu-ulkomailla\/"},"modified":"2021-06-14T13:39:51","modified_gmt":"2021-06-14T11:39:51","slug":"opiskele-ulkomailla","status":"publish","type":"page","link":"https:\/\/samiedu.fi\/fi-s\/opiskele-ulkomailla\/","title":{"rendered":"Opiskele ulkomailla"},"content":{"rendered":"\n<h1 class=\"wp-block-heading\">Opiskele ulkomailla<\/h1>\n\n\n\n<p>Jos haluat, voit opiskella osan tutkinnosta ulkomailla.<br>Siell\u00e4 opit kielt\u00e4 ja kulttuuria ty\u00f6n lis\u00e4ksi.<\/p>\n\n\n\n<p>Ulkomailla opiskelet ainakin yhden kuukauden,<br>korkeintaan puoli vuotta.<br>Autamme sinua l\u00f6yt\u00e4m\u00e4\u00e4n sielt\u00e4 ty\u00f6paikan,<br>jossa teet ty\u00f6t\u00e4 ja opit.<\/p>\n\n\n\n<p>Ennen l\u00e4ht\u00f6\u00e4 saat opetusta kieless\u00e4 ja kulttuurissa.<br>Opiskelun ajaksi saat Erasmus+ -apurahaa,<br>joka auttaa rahoittamaan opinnot ulkomailla.<br>Ty\u00f6kokemus ulkomailta on arvostettu asia.&nbsp;<\/p>\n","protected":false},"excerpt":{"rendered":"<p>Opiskele ulkomailla Jos haluat, voit opiskella osan tutkinnosta ulkomailla.Siell\u00e4 opit kielt\u00e4 ja kulttuuria ty\u00f6n lis\u00e4ksi. Ulkomailla opiskelet ainakin yhden kuukauden,korkeintaan puoli vuotta.Autamme sinua l\u00f6yt\u00e4m\u00e4\u00e4n sielt\u00e4 ty\u00f6paikan,jossa teet ty\u00f6t\u00e4 ja opit. Ennen l\u00e4ht\u00f6\u00e4 saat opetusta kieless\u00e4 ja kulttuurissa.Opiskelun ajaksi saat Erasmus+ -apurahaa,joka auttaa rahoittamaan opinnot ulkomailla.Ty\u00f6kokemus ulkomailta on arvostettu asia.&nbsp;<\/p>\n","protected":false},"author":2,"featured_media":0,"parent":0,"menu_order":0,"comment_status":"closed","ping_status":"closed","template":"subpage-template.php","meta":{"_acf_changed":false,"footnotes":""},"class_list":["post-9257","page","type-page","status-publish","hentry"],"acf":[],"yoast_head":"<!-- This site is optimized with the Yoast SEO plugin v27.4 - https:\/\/yoast.com\/product\/yoast-seo-wordpress\/ -->\n<title>Opiskele ulkomailla - Samiedu<\/title>\n<meta name=\"robots\" content=\"index, follow, max-snippet:-1, max-image-preview:large, max-video-preview:-1\" \/>\n<link rel=\"canonical\" href=\"https:\/\/samiedu.fi\/fi-s\/opiskele-ulkomailla\/\" \/>\n<meta property=\"og:locale\" content=\"fi_FI\" \/>\n<meta property=\"og:type\" content=\"article\" \/>\n<meta property=\"og:title\" content=\"Opiskele ulkomailla - Samiedu\" \/>\n<meta property=\"og:description\" content=\"Opiskele ulkomailla Jos haluat, voit opiskella osan tutkinnosta ulkomailla.Siell\u00e4 opit kielt\u00e4 ja kulttuuria ty\u00f6n lis\u00e4ksi. Ulkomailla opiskelet ainakin yhden kuukauden,korkeintaan puoli vuotta.Autamme sinua l\u00f6yt\u00e4m\u00e4\u00e4n sielt\u00e4 ty\u00f6paikan,jossa teet ty\u00f6t\u00e4 ja opit. Ennen l\u00e4ht\u00f6\u00e4 saat opetusta kieless\u00e4 ja kulttuurissa.Opiskelun ajaksi saat Erasmus+ -apurahaa,joka auttaa rahoittamaan opinnot ulkomailla.Ty\u00f6kokemus ulkomailta on arvostettu asia.&nbsp;\" \/>\n<meta property=\"og:url\" content=\"https:\/\/samiedu.fi\/fi-s\/opiskele-ulkomailla\/\" \/>\n<meta property=\"og:site_name\" content=\"Samiedu\" \/>\n<meta property=\"article:publisher\" content=\"https:\/\/www.facebook.com\/samiedu\" \/>\n<meta property=\"article:modified_time\" content=\"2021-06-14T11:39:51+00:00\" \/>\n<meta property=\"og:image\" content=\"https:\/\/samiedu.fi\/wp-content\/uploads\/2020\/10\/erasmushanke.jpg\" \/>\n<meta name=\"twitter:card\" content=\"summary_large_image\" \/>\n<script type=\"application\/ld+json\" class=\"yoast-schema-graph\">{\"@context\":\"https:\\\/\\\/schema.org\",\"@graph\":[{\"@type\":\"WebPage\",\"@id\":\"https:\\\/\\\/samiedu.fi\\\/fi-s\\\/opiskele-ulkomailla\\\/\",\"url\":\"https:\\\/\\\/samiedu.fi\\\/fi-s\\\/opiskele-ulkomailla\\\/\",\"name\":\"Opiskele ulkomailla - Samiedu\",\"isPartOf\":{\"@id\":\"https:\\\/\\\/samiedu.fi\\\/fi-s\\\/#website\"},\"datePublished\":\"2020-05-20T08:04:08+00:00\",\"dateModified\":\"2021-06-14T11:39:51+00:00\",\"breadcrumb\":{\"@id\":\"https:\\\/\\\/samiedu.fi\\\/fi-s\\\/opiskele-ulkomailla\\\/#breadcrumb\"},\"inLanguage\":\"fi-selko\",\"potentialAction\":[{\"@type\":\"ReadAction\",\"target\":[\"https:\\\/\\\/samiedu.fi\\\/fi-s\\\/opiskele-ulkomailla\\\/\"]}]},{\"@type\":\"BreadcrumbList\",\"@id\":\"https:\\\/\\\/samiedu.fi\\\/fi-s\\\/opiskele-ulkomailla\\\/#breadcrumb\",\"itemListElement\":[{\"@type\":\"ListItem\",\"position\":1,\"name\":\"Etusivu\",\"item\":\"https:\\\/\\\/samiedu.fi\\\/fi-s\\\/\"},{\"@type\":\"ListItem\",\"position\":2,\"name\":\"Opiskele ulkomailla\"}]},{\"@type\":\"WebSite\",\"@id\":\"https:\\\/\\\/samiedu.fi\\\/fi-s\\\/#website\",\"url\":\"https:\\\/\\\/samiedu.fi\\\/fi-s\\\/\",\"name\":\"Samiedu\",\"description\":\"Ammattiopisto Samiedu\",\"publisher\":{\"@id\":\"https:\\\/\\\/samiedu.fi\\\/fi-s\\\/#organization\"},\"potentialAction\":[{\"@type\":\"SearchAction\",\"target\":{\"@type\":\"EntryPoint\",\"urlTemplate\":\"https:\\\/\\\/samiedu.fi\\\/fi-s\\\/?s={search_term_string}\"},\"query-input\":{\"@type\":\"PropertyValueSpecification\",\"valueRequired\":true,\"valueName\":\"search_term_string\"}}],\"inLanguage\":\"fi-selko\"},{\"@type\":\"Organization\",\"@id\":\"https:\\\/\\\/samiedu.fi\\\/fi-s\\\/#organization\",\"name\":\"Ammattiopisto Samiedu\",\"url\":\"https:\\\/\\\/samiedu.fi\\\/fi-s\\\/\",\"logo\":{\"@type\":\"ImageObject\",\"inLanguage\":\"fi-selko\",\"@id\":\"https:\\\/\\\/samiedu.fi\\\/fi-s\\\/#\\\/schema\\\/logo\\\/image\\\/\",\"url\":\"\",\"contentUrl\":\"\",\"caption\":\"Ammattiopisto Samiedu\"},\"image\":{\"@id\":\"https:\\\/\\\/samiedu.fi\\\/fi-s\\\/#\\\/schema\\\/logo\\\/image\\\/\"},\"sameAs\":[\"https:\\\/\\\/www.facebook.com\\\/samiedu\"]}]}<\/script>\n<!-- \/ Yoast SEO plugin. -->","yoast_head_json":{"title":"Opiskele ulkomailla - Samiedu","robots":{"index":"index","follow":"follow","max-snippet":"max-snippet:-1","max-image-preview":"max-image-preview:large","max-video-preview":"max-video-preview:-1"},"canonical":"https:\/\/samiedu.fi\/fi-s\/opiskele-ulkomailla\/","og_locale":"fi_FI","og_type":"article","og_title":"Opiskele ulkomailla - Samiedu","og_description":"Opiskele ulkomailla Jos haluat, voit opiskella osan tutkinnosta ulkomailla.Siell\u00e4 opit kielt\u00e4 ja kulttuuria ty\u00f6n lis\u00e4ksi. Ulkomailla opiskelet ainakin yhden kuukauden,korkeintaan puoli vuotta.Autamme sinua l\u00f6yt\u00e4m\u00e4\u00e4n sielt\u00e4 ty\u00f6paikan,jossa teet ty\u00f6t\u00e4 ja opit. Ennen l\u00e4ht\u00f6\u00e4 saat opetusta kieless\u00e4 ja kulttuurissa.Opiskelun ajaksi saat Erasmus+ -apurahaa,joka auttaa rahoittamaan opinnot ulkomailla.Ty\u00f6kokemus ulkomailta on arvostettu asia.&nbsp;","og_url":"https:\/\/samiedu.fi\/fi-s\/opiskele-ulkomailla\/","og_site_name":"Samiedu","article_publisher":"https:\/\/www.facebook.com\/samiedu","article_modified_time":"2021-06-14T11:39:51+00:00","og_image":[{"url":"https:\/\/samiedu.fi\/wp-content\/uploads\/2020\/10\/erasmushanke.jpg","type":"","width":"","height":""}],"twitter_card":"summary_large_image","schema":{"@context":"https:\/\/schema.org","@graph":[{"@type":"WebPage","@id":"https:\/\/samiedu.fi\/fi-s\/opiskele-ulkomailla\/","url":"https:\/\/samiedu.fi\/fi-s\/opiskele-ulkomailla\/","name":"Opiskele ulkomailla - Samiedu","isPartOf":{"@id":"https:\/\/samiedu.fi\/fi-s\/#website"},"datePublished":"2020-05-20T08:04:08+00:00","dateModified":"2021-06-14T11:39:51+00:00","breadcrumb":{"@id":"https:\/\/samiedu.fi\/fi-s\/opiskele-ulkomailla\/#breadcrumb"},"inLanguage":"fi-selko","potentialAction":[{"@type":"ReadAction","target":["https:\/\/samiedu.fi\/fi-s\/opiskele-ulkomailla\/"]}]},{"@type":"BreadcrumbList","@id":"https:\/\/samiedu.fi\/fi-s\/opiskele-ulkomailla\/#breadcrumb","itemListElement":[{"@type":"ListItem","position":1,"name":"Etusivu","item":"https:\/\/samiedu.fi\/fi-s\/"},{"@type":"ListItem","position":2,"name":"Opiskele ulkomailla"}]},{"@type":"WebSite","@id":"https:\/\/samiedu.fi\/fi-s\/#website","url":"https:\/\/samiedu.fi\/fi-s\/","name":"Samiedu","description":"Ammattiopisto Samiedu","publisher":{"@id":"https:\/\/samiedu.fi\/fi-s\/#organization"},"potentialAction":[{"@type":"SearchAction","target":{"@type":"EntryPoint","urlTemplate":"https:\/\/samiedu.fi\/fi-s\/?s={search_term_string}"},"query-input":{"@type":"PropertyValueSpecification","valueRequired":true,"valueName":"search_term_string"}}],"inLanguage":"fi-selko"},{"@type":"Organization","@id":"https:\/\/samiedu.fi\/fi-s\/#organization","name":"Ammattiopisto Samiedu","url":"https:\/\/samiedu.fi\/fi-s\/","logo":{"@type":"ImageObject","inLanguage":"fi-selko","@id":"https:\/\/samiedu.fi\/fi-s\/#\/schema\/logo\/image\/","url":"","contentUrl":"","caption":"Ammattiopisto Samiedu"},"image":{"@id":"https:\/\/samiedu.fi\/fi-s\/#\/schema\/logo\/image\/"},"sameAs":["https:\/\/www.facebook.com\/samiedu"]}]}},"_links":{"self":[{"href":"https:\/\/samiedu.fi\/fi-s\/wp-json\/wp\/v2\/pages\/9257","targetHints":{"allow":["GET"]}}],"collection":[{"href":"https:\/\/samiedu.fi\/fi-s\/wp-json\/wp\/v2\/pages"}],"about":[{"href":"https:\/\/samiedu.fi\/fi-s\/wp-json\/wp\/v2\/types\/page"}],"author":[{"embeddable":true,"href":"https:\/\/samiedu.fi\/fi-s\/wp-json\/wp\/v2\/users\/2"}],"replies":[{"embeddable":true,"href":"https:\/\/samiedu.fi\/fi-s\/wp-json\/wp\/v2\/comments?post=9257"}],"version-history":[{"count":3,"href":"https:\/\/samiedu.fi\/fi-s\/wp-json\/wp\/v2\/pages\/9257\/revisions"}],"predecessor-version":[{"id":11757,"href":"https:\/\/samiedu.fi\/fi-s\/wp-json\/wp\/v2\/pages\/9257\/revisions\/11757"}],"wp:attachment":[{"href":"https:\/\/samiedu.fi\/fi-s\/wp-json\/wp\/v2\/media?parent=9257"}],"curies":[{"name":"wp","href":"https:\/\/api.w.org\/{rel}","templated":true}]}}