{"id":9259,"date":"2020-05-20T10:11:32","date_gmt":"2020-05-20T08:11:32","guid":{"rendered":"https:\/\/samiedu.fi\/\/oppisopimus\/"},"modified":"2021-06-15T11:25:39","modified_gmt":"2021-06-15T09:25:39","slug":"oppisopimus","status":"publish","type":"page","link":"https:\/\/samiedu.fi\/fi-s\/oppisopimus\/","title":{"rendered":"Opiskele oppisopimuksella"},"content":{"rendered":"\n<h1 class=\"wp-block-heading\">Opiskele oppisopimuksella<\/h1>\n\n\n\n<p>Oppisopimus on tapa hankkia ammatti.<br>Opit ty\u00f6t\u00e4 tehden ja saat palkkaa.<br>Oppisopimusta varten tarvitset ty\u00f6paikan,<br>jossa oppiminen tapahtuu.<br>Ty\u00f6nantajasi t\u00e4ytyy luvata kouluttaa sinua.<\/p>\n\n\n\n<p><a href=\"http:\/\/samiedu.inschool.fi\/browsecourses?long-term=5235&amp;school-id=1&amp;checkout=true\" target=\"_blank\" rel=\"noreferrer noopener\">Hae oppisopimuskoulutukseen<\/a><br>Hae koulutukseen vasta sitten, kun olet l\u00f6yt\u00e4nyt ty\u00f6paikan.<\/p>\n\n\n\n<p>Autamme ja ohjaamme kaikkia opiskelijoita ja yrityksi\u00e4.<br><br>Toimimme Savonlinnassa ja sen l\u00e4hialueella.<\/p>\n\n\n\n<h3 class=\"wp-block-heading\">Oppisopimus<\/h3>\n\n\n\n<p>Voit opiskella oppisopimuksella vanhassa ty\u00f6ss\u00e4si<br>tai etsi\u00e4 sit\u00e4 varten uuden ty\u00f6paikan.<br>Ty\u00f6ajan pit\u00e4\u00e4 olla v\u00e4hint\u00e4\u00e4n 25 tuntia viikossa.<br>Lis\u00e4ksi opiskelet my\u00f6s koululla.<br>Voit opiskella koko tutkinnon tai vain osan.<\/p>\n\n\n\n<p>Lis\u00e4tietoa oppisopimuksesta opiskelijalle, yritt\u00e4j\u00e4lle ja ty\u00f6nantajalle l\u00f6yd\u00e4t <a href=\"https:\/\/www.oppisopimus.fi\/\">t\u00e4\u00e4lt\u00e4<\/a><\/p>\n","protected":false},"excerpt":{"rendered":"<p>Opiskele oppisopimuksella Oppisopimus on tapa hankkia ammatti.Opit ty\u00f6t\u00e4 tehden ja saat palkkaa.Oppisopimusta varten tarvitset ty\u00f6paikan,jossa oppiminen tapahtuu.Ty\u00f6nantajasi t\u00e4ytyy luvata kouluttaa sinua. Hae oppisopimuskoulutukseenHae koulutukseen vasta sitten, kun olet l\u00f6yt\u00e4nyt ty\u00f6paikan. Autamme ja ohjaamme kaikkia opiskelijoita ja yrityksi\u00e4. Toimimme Savonlinnassa ja sen l\u00e4hialueella. Oppisopimus Voit opiskella oppisopimuksella vanhassa ty\u00f6ss\u00e4sitai etsi\u00e4 sit\u00e4 varten uuden ty\u00f6paikan.Ty\u00f6ajan pit\u00e4\u00e4 olla [&hellip;]<\/p>\n","protected":false},"author":2,"featured_media":0,"parent":0,"menu_order":0,"comment_status":"closed","ping_status":"closed","template":"subpage-template.php","meta":{"_acf_changed":false,"footnotes":""},"class_list":["post-9259","page","type-page","status-publish","hentry"],"acf":[],"yoast_head":"<!-- This site is optimized with the Yoast SEO plugin v27.4 - https:\/\/yoast.com\/product\/yoast-seo-wordpress\/ -->\n<title>Opiskele oppisopimuksella - Samiedu<\/title>\n<meta name=\"robots\" content=\"index, follow, max-snippet:-1, max-image-preview:large, max-video-preview:-1\" \/>\n<link rel=\"canonical\" href=\"https:\/\/samiedu.fi\/fi-s\/oppisopimus\/\" \/>\n<meta property=\"og:locale\" content=\"fi_FI\" \/>\n<meta property=\"og:type\" content=\"article\" \/>\n<meta property=\"og:title\" content=\"Opiskele oppisopimuksella - Samiedu\" \/>\n<meta property=\"og:description\" content=\"Opiskele oppisopimuksella Oppisopimus on tapa hankkia ammatti.Opit ty\u00f6t\u00e4 tehden ja saat palkkaa.Oppisopimusta varten tarvitset ty\u00f6paikan,jossa oppiminen tapahtuu.Ty\u00f6nantajasi t\u00e4ytyy luvata kouluttaa sinua. Hae oppisopimuskoulutukseenHae koulutukseen vasta sitten, kun olet l\u00f6yt\u00e4nyt ty\u00f6paikan. Autamme ja ohjaamme kaikkia opiskelijoita ja yrityksi\u00e4. Toimimme Savonlinnassa ja sen l\u00e4hialueella. Oppisopimus Voit opiskella oppisopimuksella vanhassa ty\u00f6ss\u00e4sitai etsi\u00e4 sit\u00e4 varten uuden ty\u00f6paikan.Ty\u00f6ajan pit\u00e4\u00e4 olla [&hellip;]\" \/>\n<meta property=\"og:url\" content=\"https:\/\/samiedu.fi\/fi-s\/oppisopimus\/\" \/>\n<meta property=\"og:site_name\" content=\"Samiedu\" \/>\n<meta property=\"article:publisher\" content=\"https:\/\/www.facebook.com\/samiedu\" \/>\n<meta property=\"article:modified_time\" content=\"2021-06-15T09:25:39+00:00\" \/>\n<meta property=\"og:image\" content=\"https:\/\/samiedu.fi\/wp-content\/uploads\/2020\/10\/dsc8108-edit_nelio.jpg\" \/>\n<meta name=\"twitter:card\" content=\"summary_large_image\" \/>\n<meta name=\"twitter:label1\" content=\"Est. reading time\" \/>\n\t<meta name=\"twitter:data1\" content=\"1 minute\" \/>\n<script type=\"application\/ld+json\" class=\"yoast-schema-graph\">{\"@context\":\"https:\\\/\\\/schema.org\",\"@graph\":[{\"@type\":\"WebPage\",\"@id\":\"https:\\\/\\\/samiedu.fi\\\/fi-s\\\/oppisopimus\\\/\",\"url\":\"https:\\\/\\\/samiedu.fi\\\/fi-s\\\/oppisopimus\\\/\",\"name\":\"Opiskele oppisopimuksella - Samiedu\",\"isPartOf\":{\"@id\":\"https:\\\/\\\/samiedu.fi\\\/fi-s\\\/#website\"},\"datePublished\":\"2020-05-20T08:11:32+00:00\",\"dateModified\":\"2021-06-15T09:25:39+00:00\",\"breadcrumb\":{\"@id\":\"https:\\\/\\\/samiedu.fi\\\/fi-s\\\/oppisopimus\\\/#breadcrumb\"},\"inLanguage\":\"fi-selko\",\"potentialAction\":[{\"@type\":\"ReadAction\",\"target\":[\"https:\\\/\\\/samiedu.fi\\\/fi-s\\\/oppisopimus\\\/\"]}]},{\"@type\":\"BreadcrumbList\",\"@id\":\"https:\\\/\\\/samiedu.fi\\\/fi-s\\\/oppisopimus\\\/#breadcrumb\",\"itemListElement\":[{\"@type\":\"ListItem\",\"position\":1,\"name\":\"Etusivu\",\"item\":\"https:\\\/\\\/samiedu.fi\\\/fi-s\\\/\"},{\"@type\":\"ListItem\",\"position\":2,\"name\":\"Opiskele oppisopimuksella\"}]},{\"@type\":\"WebSite\",\"@id\":\"https:\\\/\\\/samiedu.fi\\\/fi-s\\\/#website\",\"url\":\"https:\\\/\\\/samiedu.fi\\\/fi-s\\\/\",\"name\":\"Samiedu\",\"description\":\"Ammattiopisto Samiedu\",\"publisher\":{\"@id\":\"https:\\\/\\\/samiedu.fi\\\/fi-s\\\/#organization\"},\"potentialAction\":[{\"@type\":\"SearchAction\",\"target\":{\"@type\":\"EntryPoint\",\"urlTemplate\":\"https:\\\/\\\/samiedu.fi\\\/fi-s\\\/?s={search_term_string}\"},\"query-input\":{\"@type\":\"PropertyValueSpecification\",\"valueRequired\":true,\"valueName\":\"search_term_string\"}}],\"inLanguage\":\"fi-selko\"},{\"@type\":\"Organization\",\"@id\":\"https:\\\/\\\/samiedu.fi\\\/fi-s\\\/#organization\",\"name\":\"Ammattiopisto Samiedu\",\"url\":\"https:\\\/\\\/samiedu.fi\\\/fi-s\\\/\",\"logo\":{\"@type\":\"ImageObject\",\"inLanguage\":\"fi-selko\",\"@id\":\"https:\\\/\\\/samiedu.fi\\\/fi-s\\\/#\\\/schema\\\/logo\\\/image\\\/\",\"url\":\"\",\"contentUrl\":\"\",\"caption\":\"Ammattiopisto Samiedu\"},\"image\":{\"@id\":\"https:\\\/\\\/samiedu.fi\\\/fi-s\\\/#\\\/schema\\\/logo\\\/image\\\/\"},\"sameAs\":[\"https:\\\/\\\/www.facebook.com\\\/samiedu\"]}]}<\/script>\n<!-- \/ Yoast SEO plugin. -->","yoast_head_json":{"title":"Opiskele oppisopimuksella - Samiedu","robots":{"index":"index","follow":"follow","max-snippet":"max-snippet:-1","max-image-preview":"max-image-preview:large","max-video-preview":"max-video-preview:-1"},"canonical":"https:\/\/samiedu.fi\/fi-s\/oppisopimus\/","og_locale":"fi_FI","og_type":"article","og_title":"Opiskele oppisopimuksella - Samiedu","og_description":"Opiskele oppisopimuksella Oppisopimus on tapa hankkia ammatti.Opit ty\u00f6t\u00e4 tehden ja saat palkkaa.Oppisopimusta varten tarvitset ty\u00f6paikan,jossa oppiminen tapahtuu.Ty\u00f6nantajasi t\u00e4ytyy luvata kouluttaa sinua. Hae oppisopimuskoulutukseenHae koulutukseen vasta sitten, kun olet l\u00f6yt\u00e4nyt ty\u00f6paikan. Autamme ja ohjaamme kaikkia opiskelijoita ja yrityksi\u00e4. Toimimme Savonlinnassa ja sen l\u00e4hialueella. Oppisopimus Voit opiskella oppisopimuksella vanhassa ty\u00f6ss\u00e4sitai etsi\u00e4 sit\u00e4 varten uuden ty\u00f6paikan.Ty\u00f6ajan pit\u00e4\u00e4 olla [&hellip;]","og_url":"https:\/\/samiedu.fi\/fi-s\/oppisopimus\/","og_site_name":"Samiedu","article_publisher":"https:\/\/www.facebook.com\/samiedu","article_modified_time":"2021-06-15T09:25:39+00:00","og_image":[{"url":"https:\/\/samiedu.fi\/wp-content\/uploads\/2020\/10\/dsc8108-edit_nelio.jpg","type":"","width":"","height":""}],"twitter_card":"summary_large_image","twitter_misc":{"Est. reading time":"1 minute"},"schema":{"@context":"https:\/\/schema.org","@graph":[{"@type":"WebPage","@id":"https:\/\/samiedu.fi\/fi-s\/oppisopimus\/","url":"https:\/\/samiedu.fi\/fi-s\/oppisopimus\/","name":"Opiskele oppisopimuksella - Samiedu","isPartOf":{"@id":"https:\/\/samiedu.fi\/fi-s\/#website"},"datePublished":"2020-05-20T08:11:32+00:00","dateModified":"2021-06-15T09:25:39+00:00","breadcrumb":{"@id":"https:\/\/samiedu.fi\/fi-s\/oppisopimus\/#breadcrumb"},"inLanguage":"fi-selko","potentialAction":[{"@type":"ReadAction","target":["https:\/\/samiedu.fi\/fi-s\/oppisopimus\/"]}]},{"@type":"BreadcrumbList","@id":"https:\/\/samiedu.fi\/fi-s\/oppisopimus\/#breadcrumb","itemListElement":[{"@type":"ListItem","position":1,"name":"Etusivu","item":"https:\/\/samiedu.fi\/fi-s\/"},{"@type":"ListItem","position":2,"name":"Opiskele oppisopimuksella"}]},{"@type":"WebSite","@id":"https:\/\/samiedu.fi\/fi-s\/#website","url":"https:\/\/samiedu.fi\/fi-s\/","name":"Samiedu","description":"Ammattiopisto Samiedu","publisher":{"@id":"https:\/\/samiedu.fi\/fi-s\/#organization"},"potentialAction":[{"@type":"SearchAction","target":{"@type":"EntryPoint","urlTemplate":"https:\/\/samiedu.fi\/fi-s\/?s={search_term_string}"},"query-input":{"@type":"PropertyValueSpecification","valueRequired":true,"valueName":"search_term_string"}}],"inLanguage":"fi-selko"},{"@type":"Organization","@id":"https:\/\/samiedu.fi\/fi-s\/#organization","name":"Ammattiopisto Samiedu","url":"https:\/\/samiedu.fi\/fi-s\/","logo":{"@type":"ImageObject","inLanguage":"fi-selko","@id":"https:\/\/samiedu.fi\/fi-s\/#\/schema\/logo\/image\/","url":"","contentUrl":"","caption":"Ammattiopisto Samiedu"},"image":{"@id":"https:\/\/samiedu.fi\/fi-s\/#\/schema\/logo\/image\/"},"sameAs":["https:\/\/www.facebook.com\/samiedu"]}]}},"_links":{"self":[{"href":"https:\/\/samiedu.fi\/fi-s\/wp-json\/wp\/v2\/pages\/9259","targetHints":{"allow":["GET"]}}],"collection":[{"href":"https:\/\/samiedu.fi\/fi-s\/wp-json\/wp\/v2\/pages"}],"about":[{"href":"https:\/\/samiedu.fi\/fi-s\/wp-json\/wp\/v2\/types\/page"}],"author":[{"embeddable":true,"href":"https:\/\/samiedu.fi\/fi-s\/wp-json\/wp\/v2\/users\/2"}],"replies":[{"embeddable":true,"href":"https:\/\/samiedu.fi\/fi-s\/wp-json\/wp\/v2\/comments?post=9259"}],"version-history":[{"count":8,"href":"https:\/\/samiedu.fi\/fi-s\/wp-json\/wp\/v2\/pages\/9259\/revisions"}],"predecessor-version":[{"id":11835,"href":"https:\/\/samiedu.fi\/fi-s\/wp-json\/wp\/v2\/pages\/9259\/revisions\/11835"}],"wp:attachment":[{"href":"https:\/\/samiedu.fi\/fi-s\/wp-json\/wp\/v2\/media?parent=9259"}],"curies":[{"name":"wp","href":"https:\/\/api.w.org\/{rel}","templated":true}]}}