{"id":9262,"date":"2020-05-20T18:32:41","date_gmt":"2020-05-20T16:32:41","guid":{"rendered":"https:\/\/samiedu.fi\/\/yrittajyys\/"},"modified":"2021-06-15T08:26:17","modified_gmt":"2021-06-15T06:26:17","slug":"yrittajyys","status":"publish","type":"page","link":"https:\/\/samiedu.fi\/fi-s\/yrittajyys\/","title":{"rendered":"Yritt\u00e4jyys"},"content":{"rendered":"\n<h1 class=\"wp-block-heading\">Tee yritysideasi todeksi!<\/h1>\n\n\n\n<p>Haluaisitko tulevaisuudessa oman yrityksen?<br>Omassa yrityksess\u00e4 teet ty\u00f6t\u00e4 itsen\u00e4isesti ja p\u00e4\u00e4t\u00e4t kaikesta,<br>eli toimit yritt\u00e4j\u00e4n\u00e4.<br>Samiedussa voit opiskella my\u00f6s yritt\u00e4j\u00e4n\u00e4 toimimista<br>ammattiopintojesi rinnalla.<\/p>\n\n\n\n<p>Teemme yhteisty\u00f6t\u00e4 my\u00f6s <a href=\"https:\/\/isuyk.fi\/\">It\u00e4-Savon Uusyrityskeskuksen<\/a> kanssa.<\/p>\n\n\n\n<hr class=\"wp-block-separator is-style-wide\"\/>\n\n\n\n<h3 class=\"wp-block-heading\">Vuosi yritt\u00e4j\u00e4n\u00e4 \u2013 tekem\u00e4ll\u00e4 opit<\/h3>\n\n\n\n<p>Vuosi yritt\u00e4j\u00e4n\u00e4 -ohjelmassa kokeilet yritt\u00e4j\u00e4n\u00e4 olemista.<br>Ohjelman ajan sinulla on oma yritys ja opit,<br>miten se toimii ja mit\u00e4 kannattaa tehd\u00e4.<br>Opettaja ohjaa sinua koko ajan.<\/p>\n\n\n\n<p><strong>Ohjelman vaiheet<\/strong><\/p>\n\n\n\n<p>Ohjelmassa keksit ensin liikeidean,<br>eli sen, mit\u00e4 yrityksess\u00e4si teet.<br>Sitten perustat yrityksen ja alat tehd\u00e4 ty\u00f6t\u00e4 siin\u00e4.<br>Seuraat, onko toiminta kannattavaa,<br>eli saatko tarpeeksi rahaa.<br>Ohjelman lopussa mietit, teitk\u00f6 kaiken oikein<br>ja miten haluaisit jatkaa.<\/p>\n\n\n\n<p>Lue lis\u00e4\u00e4 ohjelmasta <a href=\"https:\/\/vuosiyrittajana.fi\/\">t\u00e4\u00e4lt\u00e4<\/a><\/p>\n\n\n\n<p>Vuosi yritt\u00e4j\u00e4n\u00e4 -ohjelma sopii kaikille.<br>On hyv\u00e4 oppia ymm\u00e4rt\u00e4m\u00e4\u00e4n, miten yritys toimii.<\/p>\n\n\n\n<p>Kysy lis\u00e4\u00e4 ja l\u00e4hde mukaan!<\/p>\n\n\n\n<figure class=\"wp-block-embed-youtube wp-block-embed is-type-video is-provider-youtube wp-embed-aspect-4-3 wp-has-aspect-ratio\"><div class=\"wp-block-embed__wrapper\">\n<iframe loading=\"lazy\" title=\"Esittely Jalkahoito Henna Ny\" width=\"1170\" height=\"878\" src=\"https:\/\/www.youtube.com\/embed\/8Xgo0DNJhtU?feature=oembed\" frameborder=\"0\" allow=\"accelerometer; autoplay; clipboard-write; encrypted-media; gyroscope; picture-in-picture\" allowfullscreen><\/iframe>\n<\/div><\/figure>\n","protected":false},"excerpt":{"rendered":"<p>Tee yritysideasi todeksi! Haluaisitko tulevaisuudessa oman yrityksen?Omassa yrityksess\u00e4 teet ty\u00f6t\u00e4 itsen\u00e4isesti ja p\u00e4\u00e4t\u00e4t kaikesta,eli toimit yritt\u00e4j\u00e4n\u00e4.Samiedussa voit opiskella my\u00f6s yritt\u00e4j\u00e4n\u00e4 toimimistaammattiopintojesi rinnalla. Teemme yhteisty\u00f6t\u00e4 my\u00f6s It\u00e4-Savon Uusyrityskeskuksen kanssa. Vuosi yritt\u00e4j\u00e4n\u00e4 \u2013 tekem\u00e4ll\u00e4 opit Vuosi yritt\u00e4j\u00e4n\u00e4 -ohjelmassa kokeilet yritt\u00e4j\u00e4n\u00e4 olemista.Ohjelman ajan sinulla on oma yritys ja opit,miten se toimii ja mit\u00e4 kannattaa tehd\u00e4.Opettaja ohjaa sinua koko [&hellip;]<\/p>\n","protected":false},"author":2,"featured_media":0,"parent":0,"menu_order":0,"comment_status":"closed","ping_status":"closed","template":"subpage-template.php","meta":{"_acf_changed":false,"footnotes":""},"class_list":["post-9262","page","type-page","status-publish","hentry"],"acf":[],"yoast_head":"<!-- This site is optimized with the Yoast SEO plugin v27.4 - https:\/\/yoast.com\/product\/yoast-seo-wordpress\/ -->\n<title>Yritt\u00e4jyys - Samiedu<\/title>\n<meta name=\"robots\" content=\"index, follow, max-snippet:-1, max-image-preview:large, max-video-preview:-1\" \/>\n<link rel=\"canonical\" href=\"https:\/\/samiedu.fi\/fi-s\/yrittajyys\/\" \/>\n<meta property=\"og:locale\" content=\"fi_FI\" \/>\n<meta property=\"og:type\" content=\"article\" \/>\n<meta property=\"og:title\" content=\"Yritt\u00e4jyys - Samiedu\" \/>\n<meta property=\"og:description\" content=\"Tee yritysideasi todeksi! Haluaisitko tulevaisuudessa oman yrityksen?Omassa yrityksess\u00e4 teet ty\u00f6t\u00e4 itsen\u00e4isesti ja p\u00e4\u00e4t\u00e4t kaikesta,eli toimit yritt\u00e4j\u00e4n\u00e4.Samiedussa voit opiskella my\u00f6s yritt\u00e4j\u00e4n\u00e4 toimimistaammattiopintojesi rinnalla. Teemme yhteisty\u00f6t\u00e4 my\u00f6s It\u00e4-Savon Uusyrityskeskuksen kanssa. Vuosi yritt\u00e4j\u00e4n\u00e4 \u2013 tekem\u00e4ll\u00e4 opit Vuosi yritt\u00e4j\u00e4n\u00e4 -ohjelmassa kokeilet yritt\u00e4j\u00e4n\u00e4 olemista.Ohjelman ajan sinulla on oma yritys ja opit,miten se toimii ja mit\u00e4 kannattaa tehd\u00e4.Opettaja ohjaa sinua koko [&hellip;]\" \/>\n<meta property=\"og:url\" content=\"https:\/\/samiedu.fi\/fi-s\/yrittajyys\/\" \/>\n<meta property=\"og:site_name\" content=\"Samiedu\" \/>\n<meta property=\"article:publisher\" content=\"https:\/\/www.facebook.com\/samiedu\" \/>\n<meta property=\"article:modified_time\" content=\"2021-06-15T06:26:17+00:00\" \/>\n<meta property=\"og:image\" content=\"https:\/\/samiedu.fi\/wp-content\/uploads\/2020\/10\/dsc8921-edit-2_nelio.jpg\" \/>\n<meta name=\"twitter:card\" content=\"summary_large_image\" \/>\n<meta name=\"twitter:label1\" content=\"Est. reading time\" \/>\n\t<meta name=\"twitter:data1\" content=\"1 minute\" \/>\n<script type=\"application\/ld+json\" class=\"yoast-schema-graph\">{\"@context\":\"https:\\\/\\\/schema.org\",\"@graph\":[{\"@type\":\"WebPage\",\"@id\":\"https:\\\/\\\/samiedu.fi\\\/fi-s\\\/yrittajyys\\\/\",\"url\":\"https:\\\/\\\/samiedu.fi\\\/fi-s\\\/yrittajyys\\\/\",\"name\":\"Yritt\u00e4jyys - Samiedu\",\"isPartOf\":{\"@id\":\"https:\\\/\\\/samiedu.fi\\\/fi-s\\\/#website\"},\"datePublished\":\"2020-05-20T16:32:41+00:00\",\"dateModified\":\"2021-06-15T06:26:17+00:00\",\"breadcrumb\":{\"@id\":\"https:\\\/\\\/samiedu.fi\\\/fi-s\\\/yrittajyys\\\/#breadcrumb\"},\"inLanguage\":\"fi-selko\",\"potentialAction\":[{\"@type\":\"ReadAction\",\"target\":[\"https:\\\/\\\/samiedu.fi\\\/fi-s\\\/yrittajyys\\\/\"]}]},{\"@type\":\"BreadcrumbList\",\"@id\":\"https:\\\/\\\/samiedu.fi\\\/fi-s\\\/yrittajyys\\\/#breadcrumb\",\"itemListElement\":[{\"@type\":\"ListItem\",\"position\":1,\"name\":\"Etusivu\",\"item\":\"https:\\\/\\\/samiedu.fi\\\/fi-s\\\/\"},{\"@type\":\"ListItem\",\"position\":2,\"name\":\"Yritt\u00e4jyys\"}]},{\"@type\":\"WebSite\",\"@id\":\"https:\\\/\\\/samiedu.fi\\\/fi-s\\\/#website\",\"url\":\"https:\\\/\\\/samiedu.fi\\\/fi-s\\\/\",\"name\":\"Samiedu\",\"description\":\"Ammattiopisto Samiedu\",\"publisher\":{\"@id\":\"https:\\\/\\\/samiedu.fi\\\/fi-s\\\/#organization\"},\"potentialAction\":[{\"@type\":\"SearchAction\",\"target\":{\"@type\":\"EntryPoint\",\"urlTemplate\":\"https:\\\/\\\/samiedu.fi\\\/fi-s\\\/?s={search_term_string}\"},\"query-input\":{\"@type\":\"PropertyValueSpecification\",\"valueRequired\":true,\"valueName\":\"search_term_string\"}}],\"inLanguage\":\"fi-selko\"},{\"@type\":\"Organization\",\"@id\":\"https:\\\/\\\/samiedu.fi\\\/fi-s\\\/#organization\",\"name\":\"Ammattiopisto Samiedu\",\"url\":\"https:\\\/\\\/samiedu.fi\\\/fi-s\\\/\",\"logo\":{\"@type\":\"ImageObject\",\"inLanguage\":\"fi-selko\",\"@id\":\"https:\\\/\\\/samiedu.fi\\\/fi-s\\\/#\\\/schema\\\/logo\\\/image\\\/\",\"url\":\"\",\"contentUrl\":\"\",\"caption\":\"Ammattiopisto Samiedu\"},\"image\":{\"@id\":\"https:\\\/\\\/samiedu.fi\\\/fi-s\\\/#\\\/schema\\\/logo\\\/image\\\/\"},\"sameAs\":[\"https:\\\/\\\/www.facebook.com\\\/samiedu\"]}]}<\/script>\n<!-- \/ Yoast SEO plugin. -->","yoast_head_json":{"title":"Yritt\u00e4jyys - Samiedu","robots":{"index":"index","follow":"follow","max-snippet":"max-snippet:-1","max-image-preview":"max-image-preview:large","max-video-preview":"max-video-preview:-1"},"canonical":"https:\/\/samiedu.fi\/fi-s\/yrittajyys\/","og_locale":"fi_FI","og_type":"article","og_title":"Yritt\u00e4jyys - Samiedu","og_description":"Tee yritysideasi todeksi! Haluaisitko tulevaisuudessa oman yrityksen?Omassa yrityksess\u00e4 teet ty\u00f6t\u00e4 itsen\u00e4isesti ja p\u00e4\u00e4t\u00e4t kaikesta,eli toimit yritt\u00e4j\u00e4n\u00e4.Samiedussa voit opiskella my\u00f6s yritt\u00e4j\u00e4n\u00e4 toimimistaammattiopintojesi rinnalla. Teemme yhteisty\u00f6t\u00e4 my\u00f6s It\u00e4-Savon Uusyrityskeskuksen kanssa. Vuosi yritt\u00e4j\u00e4n\u00e4 \u2013 tekem\u00e4ll\u00e4 opit Vuosi yritt\u00e4j\u00e4n\u00e4 -ohjelmassa kokeilet yritt\u00e4j\u00e4n\u00e4 olemista.Ohjelman ajan sinulla on oma yritys ja opit,miten se toimii ja mit\u00e4 kannattaa tehd\u00e4.Opettaja ohjaa sinua koko [&hellip;]","og_url":"https:\/\/samiedu.fi\/fi-s\/yrittajyys\/","og_site_name":"Samiedu","article_publisher":"https:\/\/www.facebook.com\/samiedu","article_modified_time":"2021-06-15T06:26:17+00:00","og_image":[{"url":"https:\/\/samiedu.fi\/wp-content\/uploads\/2020\/10\/dsc8921-edit-2_nelio.jpg","type":"","width":"","height":""}],"twitter_card":"summary_large_image","twitter_misc":{"Est. reading time":"1 minute"},"schema":{"@context":"https:\/\/schema.org","@graph":[{"@type":"WebPage","@id":"https:\/\/samiedu.fi\/fi-s\/yrittajyys\/","url":"https:\/\/samiedu.fi\/fi-s\/yrittajyys\/","name":"Yritt\u00e4jyys - Samiedu","isPartOf":{"@id":"https:\/\/samiedu.fi\/fi-s\/#website"},"datePublished":"2020-05-20T16:32:41+00:00","dateModified":"2021-06-15T06:26:17+00:00","breadcrumb":{"@id":"https:\/\/samiedu.fi\/fi-s\/yrittajyys\/#breadcrumb"},"inLanguage":"fi-selko","potentialAction":[{"@type":"ReadAction","target":["https:\/\/samiedu.fi\/fi-s\/yrittajyys\/"]}]},{"@type":"BreadcrumbList","@id":"https:\/\/samiedu.fi\/fi-s\/yrittajyys\/#breadcrumb","itemListElement":[{"@type":"ListItem","position":1,"name":"Etusivu","item":"https:\/\/samiedu.fi\/fi-s\/"},{"@type":"ListItem","position":2,"name":"Yritt\u00e4jyys"}]},{"@type":"WebSite","@id":"https:\/\/samiedu.fi\/fi-s\/#website","url":"https:\/\/samiedu.fi\/fi-s\/","name":"Samiedu","description":"Ammattiopisto Samiedu","publisher":{"@id":"https:\/\/samiedu.fi\/fi-s\/#organization"},"potentialAction":[{"@type":"SearchAction","target":{"@type":"EntryPoint","urlTemplate":"https:\/\/samiedu.fi\/fi-s\/?s={search_term_string}"},"query-input":{"@type":"PropertyValueSpecification","valueRequired":true,"valueName":"search_term_string"}}],"inLanguage":"fi-selko"},{"@type":"Organization","@id":"https:\/\/samiedu.fi\/fi-s\/#organization","name":"Ammattiopisto Samiedu","url":"https:\/\/samiedu.fi\/fi-s\/","logo":{"@type":"ImageObject","inLanguage":"fi-selko","@id":"https:\/\/samiedu.fi\/fi-s\/#\/schema\/logo\/image\/","url":"","contentUrl":"","caption":"Ammattiopisto Samiedu"},"image":{"@id":"https:\/\/samiedu.fi\/fi-s\/#\/schema\/logo\/image\/"},"sameAs":["https:\/\/www.facebook.com\/samiedu"]}]}},"_links":{"self":[{"href":"https:\/\/samiedu.fi\/fi-s\/wp-json\/wp\/v2\/pages\/9262","targetHints":{"allow":["GET"]}}],"collection":[{"href":"https:\/\/samiedu.fi\/fi-s\/wp-json\/wp\/v2\/pages"}],"about":[{"href":"https:\/\/samiedu.fi\/fi-s\/wp-json\/wp\/v2\/types\/page"}],"author":[{"embeddable":true,"href":"https:\/\/samiedu.fi\/fi-s\/wp-json\/wp\/v2\/users\/2"}],"replies":[{"embeddable":true,"href":"https:\/\/samiedu.fi\/fi-s\/wp-json\/wp\/v2\/comments?post=9262"}],"version-history":[{"count":5,"href":"https:\/\/samiedu.fi\/fi-s\/wp-json\/wp\/v2\/pages\/9262\/revisions"}],"predecessor-version":[{"id":11825,"href":"https:\/\/samiedu.fi\/fi-s\/wp-json\/wp\/v2\/pages\/9262\/revisions\/11825"}],"wp:attachment":[{"href":"https:\/\/samiedu.fi\/fi-s\/wp-json\/wp\/v2\/media?parent=9262"}],"curies":[{"name":"wp","href":"https:\/\/api.w.org\/{rel}","templated":true}]}}